{"id":539,"date":"2022-04-05T10:59:42","date_gmt":"2022-04-05T10:59:42","guid":{"rendered":"https:\/\/loftdent.hu\/eng\/?page_id=539"},"modified":"2022-04-05T14:55:22","modified_gmt":"2022-04-05T14:55:22","slug":"referenciak-egyeni-fogvedo","status":"publish","type":"page","link":"https:\/\/loftdent.hu\/eng\/referenciak-egyeni-fogvedo\/","title":{"rendered":"Referenci\u00e1k &#8211; egy\u00e9ni fogv\u00e9d\u0151"},"content":{"rendered":"\n\t<div class=\"img has-hover x md-x lg-x y md-y lg-y\" id=\"image_801458078\">\n\t\t\t\t\t\t\t\t<div class=\"img-inner image-cover dark\" style=\"padding-top:50%;\">\n\t\t\t<img loading=\"lazy\" decoding=\"async\" width=\"2560\" height=\"1707\" src=\"https:\/\/loftdent.hu\/eng\/wp-content\/uploads\/2022\/03\/IMG_6903b-scaled.jpg\" class=\"attachment-original size-original\" alt=\"\" srcset=\"https:\/\/loftdent.hu\/eng\/wp-content\/uploads\/2022\/03\/IMG_6903b-scaled.jpg 2560w, https:\/\/loftdent.hu\/eng\/wp-content\/uploads\/2022\/03\/IMG_6903b-300x200.jpg 300w, https:\/\/loftdent.hu\/eng\/wp-content\/uploads\/2022\/03\/IMG_6903b-1024x683.jpg 1024w, https:\/\/loftdent.hu\/eng\/wp-content\/uploads\/2022\/03\/IMG_6903b-768x512.jpg 768w, https:\/\/loftdent.hu\/eng\/wp-content\/uploads\/2022\/03\/IMG_6903b-1536x1024.jpg 1536w, https:\/\/loftdent.hu\/eng\/wp-content\/uploads\/2022\/03\/IMG_6903b-2048x1365.jpg 2048w, https:\/\/loftdent.hu\/eng\/wp-content\/uploads\/2022\/03\/IMG_6903b-600x400.jpg 600w\" sizes=\"auto, (max-width: 2560px) 100vw, 2560px\" \/>\t\t\t\t\t\t\t<div class=\"overlay\" style=\"background-color: rgba(255, 255, 255, 0.33)\"><\/div>\n\t\t\t\t\t\t\n\t\t\t\t\t<\/div>\n\t\t\t\t\t\t\t\t\n<style>\n#image_801458078 {\n  width: 100%;\n}\n<\/style>\n\t<\/div>\n\t\n\n\t<section class=\"section\" id=\"section_1183874588\">\n\t\t<div class=\"bg section-bg fill bg-fill  bg-loaded\" >\n\n\t\t\t\n\t\t\t\n\t\t\t\n\n\t\t<\/div>\n\n\t\t<div class=\"section-content relative\">\n\t\t\t\n\n\n  \n    <div class=\"row large-columns-3 medium-columns- small-columns-2\">\n          <div class=\"gallery-col col\" >\n          <div class=\"col-inner\">\n            <a class=\"image-lightbox lightbox-gallery\" href=\"https:\/\/loftdent.hu\/eng\/wp-content\/uploads\/2022\/04\/EGYENI-FOGVEDO-MTK-LOFT-DENT-FOGASZAT-1024x683.jpg\" title=\"\">            <div class=\"box has-hover gallery-box box-overlay dark\">\n              <div class=\"box-image\" >\n                <img loading=\"lazy\" decoding=\"async\" width=\"300\" height=\"200\" src=\"https:\/\/loftdent.hu\/eng\/wp-content\/uploads\/2022\/04\/EGYENI-FOGVEDO-MTK-LOFT-DENT-FOGASZAT-300x200.jpg\" class=\"attachment-medium size-medium\" alt=\"\" ids=\"541,542,543\" columns=\"3\" srcset=\"https:\/\/loftdent.hu\/eng\/wp-content\/uploads\/2022\/04\/EGYENI-FOGVEDO-MTK-LOFT-DENT-FOGASZAT-300x200.jpg 300w, https:\/\/loftdent.hu\/eng\/wp-content\/uploads\/2022\/04\/EGYENI-FOGVEDO-MTK-LOFT-DENT-FOGASZAT-1024x683.jpg 1024w, https:\/\/loftdent.hu\/eng\/wp-content\/uploads\/2022\/04\/EGYENI-FOGVEDO-MTK-LOFT-DENT-FOGASZAT-768x512.jpg 768w, https:\/\/loftdent.hu\/eng\/wp-content\/uploads\/2022\/04\/EGYENI-FOGVEDO-MTK-LOFT-DENT-FOGASZAT-1536x1024.jpg 1536w, https:\/\/loftdent.hu\/eng\/wp-content\/uploads\/2022\/04\/EGYENI-FOGVEDO-MTK-LOFT-DENT-FOGASZAT-2048x1365.jpg 2048w, https:\/\/loftdent.hu\/eng\/wp-content\/uploads\/2022\/04\/EGYENI-FOGVEDO-MTK-LOFT-DENT-FOGASZAT-600x400.jpg 600w\" sizes=\"auto, (max-width: 300px) 100vw, 300px\" \/>                                  <div class=\"overlay fill\"\n                      style=\"background-color: rgba(0,0,0,.15)\">\n                  <\/div>\n                                                              <\/div>\n              <div class=\"box-text text-left\" >\n                 <p><\/p>\n              <\/div>\n            <\/div>\n            <\/a>          <\/div>\n         <\/div>\n                 <div class=\"gallery-col col\" >\n          <div class=\"col-inner\">\n            <a class=\"image-lightbox lightbox-gallery\" href=\"https:\/\/loftdent.hu\/eng\/wp-content\/uploads\/2022\/04\/EGYENI-FOGVEDO-ZF-LOFT-DENT-FOGASZAT-1024x683.jpg\" title=\"\">            <div class=\"box has-hover gallery-box box-overlay dark\">\n              <div class=\"box-image\" >\n                <img loading=\"lazy\" decoding=\"async\" width=\"300\" height=\"200\" src=\"https:\/\/loftdent.hu\/eng\/wp-content\/uploads\/2022\/04\/EGYENI-FOGVEDO-ZF-LOFT-DENT-FOGASZAT-300x200.jpg\" class=\"attachment-medium size-medium\" alt=\"\" ids=\"541,542,543\" columns=\"3\" srcset=\"https:\/\/loftdent.hu\/eng\/wp-content\/uploads\/2022\/04\/EGYENI-FOGVEDO-ZF-LOFT-DENT-FOGASZAT-300x200.jpg 300w, https:\/\/loftdent.hu\/eng\/wp-content\/uploads\/2022\/04\/EGYENI-FOGVEDO-ZF-LOFT-DENT-FOGASZAT-1024x683.jpg 1024w, https:\/\/loftdent.hu\/eng\/wp-content\/uploads\/2022\/04\/EGYENI-FOGVEDO-ZF-LOFT-DENT-FOGASZAT-768x512.jpg 768w, https:\/\/loftdent.hu\/eng\/wp-content\/uploads\/2022\/04\/EGYENI-FOGVEDO-ZF-LOFT-DENT-FOGASZAT-1536x1024.jpg 1536w, https:\/\/loftdent.hu\/eng\/wp-content\/uploads\/2022\/04\/EGYENI-FOGVEDO-ZF-LOFT-DENT-FOGASZAT-2048x1365.jpg 2048w, https:\/\/loftdent.hu\/eng\/wp-content\/uploads\/2022\/04\/EGYENI-FOGVEDO-ZF-LOFT-DENT-FOGASZAT-600x400.jpg 600w\" sizes=\"auto, (max-width: 300px) 100vw, 300px\" \/>                                  <div class=\"overlay fill\"\n                      style=\"background-color: rgba(0,0,0,.15)\">\n                  <\/div>\n                                                              <\/div>\n              <div class=\"box-text text-left\" >\n                 <p><\/p>\n              <\/div>\n            <\/div>\n            <\/a>          <\/div>\n         <\/div>\n                 <div class=\"gallery-col col\" >\n          <div class=\"col-inner\">\n            <a class=\"image-lightbox lightbox-gallery\" href=\"https:\/\/loftdent.hu\/eng\/wp-content\/uploads\/2022\/04\/EGYENII-FOGVEDO-GRAY-MAIN-PICTURE-1024x683.jpg\" title=\"\">            <div class=\"box has-hover gallery-box box-overlay dark\">\n              <div class=\"box-image\" >\n                <img loading=\"lazy\" decoding=\"async\" width=\"300\" height=\"200\" src=\"https:\/\/loftdent.hu\/eng\/wp-content\/uploads\/2022\/04\/EGYENII-FOGVEDO-GRAY-MAIN-PICTURE-300x200.jpg\" class=\"attachment-medium size-medium\" alt=\"\" ids=\"541,542,543\" columns=\"3\" srcset=\"https:\/\/loftdent.hu\/eng\/wp-content\/uploads\/2022\/04\/EGYENII-FOGVEDO-GRAY-MAIN-PICTURE-300x200.jpg 300w, https:\/\/loftdent.hu\/eng\/wp-content\/uploads\/2022\/04\/EGYENII-FOGVEDO-GRAY-MAIN-PICTURE-1024x683.jpg 1024w, https:\/\/loftdent.hu\/eng\/wp-content\/uploads\/2022\/04\/EGYENII-FOGVEDO-GRAY-MAIN-PICTURE-768x512.jpg 768w, https:\/\/loftdent.hu\/eng\/wp-content\/uploads\/2022\/04\/EGYENII-FOGVEDO-GRAY-MAIN-PICTURE-1536x1024.jpg 1536w, https:\/\/loftdent.hu\/eng\/wp-content\/uploads\/2022\/04\/EGYENII-FOGVEDO-GRAY-MAIN-PICTURE-2048x1365.jpg 2048w, https:\/\/loftdent.hu\/eng\/wp-content\/uploads\/2022\/04\/EGYENII-FOGVEDO-GRAY-MAIN-PICTURE-600x400.jpg 600w\" sizes=\"auto, (max-width: 300px) 100vw, 300px\" \/>                                  <div class=\"overlay fill\"\n                      style=\"background-color: rgba(0,0,0,.15)\">\n                  <\/div>\n                                                              <\/div>\n              <div class=\"box-text text-left\" >\n                 <p><\/p>\n              <\/div>\n            <\/div>\n            <\/a>          <\/div>\n         <\/div>\n         <\/div>\n\n\n\t\t<\/div>\n\n\t\t\n<style>\n#section_1183874588 {\n  padding-top: 30px;\n  padding-bottom: 30px;\n}\n<\/style>\n\t<\/section>\n\t\n\n","protected":false},"excerpt":{"rendered":"","protected":false},"author":1,"featured_media":0,"parent":0,"menu_order":0,"comment_status":"closed","ping_status":"closed","template":"page-transparent-header.php","meta":{"footnotes":""},"class_list":["post-539","page","type-page","status-publish","hentry"],"yoast_head":"<!-- This site is optimized with the Yoast SEO plugin v26.7 - https:\/\/yoast.com\/wordpress\/plugins\/seo\/ -->\n<title>Referenci\u00e1k - egy\u00e9ni fogv\u00e9d\u0151 - Loft Dent<\/title>\n<meta name=\"description\" content=\"Referenci\u00e1k - egy\u00e9ni fogv\u00e9d\u0151, Loft Dent exkluz\u00edv fog\u00e1szat\" \/>\n<meta name=\"robots\" content=\"index, follow, max-snippet:-1, max-image-preview:large, max-video-preview:-1\" \/>\n<link rel=\"canonical\" href=\"https:\/\/loftdent.hu\/eng\/referenciak-egyeni-fogvedo\/\" \/>\n<meta property=\"og:locale\" content=\"hu_HU\" \/>\n<meta property=\"og:type\" content=\"article\" \/>\n<meta property=\"og:title\" content=\"Referenci\u00e1k - egy\u00e9ni fogv\u00e9d\u0151 - Loft Dent\" \/>\n<meta property=\"og:description\" content=\"Referenci\u00e1k - egy\u00e9ni fogv\u00e9d\u0151, Loft Dent exkluz\u00edv fog\u00e1szat\" \/>\n<meta property=\"og:url\" content=\"https:\/\/loftdent.hu\/eng\/referenciak-egyeni-fogvedo\/\" \/>\n<meta property=\"og:site_name\" content=\"Loft Dent\" \/>\n<meta property=\"article:modified_time\" content=\"2022-04-05T14:55:22+00:00\" \/>\n<meta name=\"twitter:card\" content=\"summary_large_image\" \/>\n<script type=\"application\/ld+json\" class=\"yoast-schema-graph\">{\"@context\":\"https:\/\/schema.org\",\"@graph\":[{\"@type\":\"WebPage\",\"@id\":\"https:\/\/loftdent.hu\/eng\/referenciak-egyeni-fogvedo\/\",\"url\":\"https:\/\/loftdent.hu\/eng\/referenciak-egyeni-fogvedo\/\",\"name\":\"Referenci\u00e1k - egy\u00e9ni fogv\u00e9d\u0151 - Loft Dent\",\"isPartOf\":{\"@id\":\"https:\/\/loftdent.hu\/eng\/#website\"},\"datePublished\":\"2022-04-05T10:59:42+00:00\",\"dateModified\":\"2022-04-05T14:55:22+00:00\",\"description\":\"Referenci\u00e1k - egy\u00e9ni fogv\u00e9d\u0151, Loft Dent exkluz\u00edv fog\u00e1szat\",\"breadcrumb\":{\"@id\":\"https:\/\/loftdent.hu\/eng\/referenciak-egyeni-fogvedo\/#breadcrumb\"},\"inLanguage\":\"hu\",\"potentialAction\":[{\"@type\":\"ReadAction\",\"target\":[\"https:\/\/loftdent.hu\/eng\/referenciak-egyeni-fogvedo\/\"]}]},{\"@type\":\"BreadcrumbList\",\"@id\":\"https:\/\/loftdent.hu\/eng\/referenciak-egyeni-fogvedo\/#breadcrumb\",\"itemListElement\":[{\"@type\":\"ListItem\",\"position\":1,\"name\":\"Kezd\u0151lap\",\"item\":\"https:\/\/loftdent.hu\/eng\/\"},{\"@type\":\"ListItem\",\"position\":2,\"name\":\"Referenci\u00e1k &#8211; egy\u00e9ni fogv\u00e9d\u0151\"}]},{\"@type\":\"WebSite\",\"@id\":\"https:\/\/loftdent.hu\/eng\/#website\",\"url\":\"https:\/\/loftdent.hu\/eng\/\",\"name\":\"Loft Dent\",\"description\":\"exkluz\u00edv mag\u00e1nfog\u00e1szat\",\"potentialAction\":[{\"@type\":\"SearchAction\",\"target\":{\"@type\":\"EntryPoint\",\"urlTemplate\":\"https:\/\/loftdent.hu\/eng\/?s={search_term_string}\"},\"query-input\":{\"@type\":\"PropertyValueSpecification\",\"valueRequired\":true,\"valueName\":\"search_term_string\"}}],\"inLanguage\":\"hu\"}]}<\/script>\n<!-- \/ Yoast SEO plugin. -->","yoast_head_json":{"title":"Referenci\u00e1k - egy\u00e9ni fogv\u00e9d\u0151 - Loft Dent","description":"Referenci\u00e1k - egy\u00e9ni fogv\u00e9d\u0151, Loft Dent exkluz\u00edv fog\u00e1szat","robots":{"index":"index","follow":"follow","max-snippet":"max-snippet:-1","max-image-preview":"max-image-preview:large","max-video-preview":"max-video-preview:-1"},"canonical":"https:\/\/loftdent.hu\/eng\/referenciak-egyeni-fogvedo\/","og_locale":"hu_HU","og_type":"article","og_title":"Referenci\u00e1k - egy\u00e9ni fogv\u00e9d\u0151 - Loft Dent","og_description":"Referenci\u00e1k - egy\u00e9ni fogv\u00e9d\u0151, Loft Dent exkluz\u00edv fog\u00e1szat","og_url":"https:\/\/loftdent.hu\/eng\/referenciak-egyeni-fogvedo\/","og_site_name":"Loft Dent","article_modified_time":"2022-04-05T14:55:22+00:00","twitter_card":"summary_large_image","schema":{"@context":"https:\/\/schema.org","@graph":[{"@type":"WebPage","@id":"https:\/\/loftdent.hu\/eng\/referenciak-egyeni-fogvedo\/","url":"https:\/\/loftdent.hu\/eng\/referenciak-egyeni-fogvedo\/","name":"Referenci\u00e1k - egy\u00e9ni fogv\u00e9d\u0151 - Loft Dent","isPartOf":{"@id":"https:\/\/loftdent.hu\/eng\/#website"},"datePublished":"2022-04-05T10:59:42+00:00","dateModified":"2022-04-05T14:55:22+00:00","description":"Referenci\u00e1k - egy\u00e9ni fogv\u00e9d\u0151, Loft Dent exkluz\u00edv fog\u00e1szat","breadcrumb":{"@id":"https:\/\/loftdent.hu\/eng\/referenciak-egyeni-fogvedo\/#breadcrumb"},"inLanguage":"hu","potentialAction":[{"@type":"ReadAction","target":["https:\/\/loftdent.hu\/eng\/referenciak-egyeni-fogvedo\/"]}]},{"@type":"BreadcrumbList","@id":"https:\/\/loftdent.hu\/eng\/referenciak-egyeni-fogvedo\/#breadcrumb","itemListElement":[{"@type":"ListItem","position":1,"name":"Kezd\u0151lap","item":"https:\/\/loftdent.hu\/eng\/"},{"@type":"ListItem","position":2,"name":"Referenci\u00e1k &#8211; egy\u00e9ni fogv\u00e9d\u0151"}]},{"@type":"WebSite","@id":"https:\/\/loftdent.hu\/eng\/#website","url":"https:\/\/loftdent.hu\/eng\/","name":"Loft Dent","description":"exkluz\u00edv mag\u00e1nfog\u00e1szat","potentialAction":[{"@type":"SearchAction","target":{"@type":"EntryPoint","urlTemplate":"https:\/\/loftdent.hu\/eng\/?s={search_term_string}"},"query-input":{"@type":"PropertyValueSpecification","valueRequired":true,"valueName":"search_term_string"}}],"inLanguage":"hu"}]}},"_links":{"self":[{"href":"https:\/\/loftdent.hu\/eng\/wp-json\/wp\/v2\/pages\/539","targetHints":{"allow":["GET"]}}],"collection":[{"href":"https:\/\/loftdent.hu\/eng\/wp-json\/wp\/v2\/pages"}],"about":[{"href":"https:\/\/loftdent.hu\/eng\/wp-json\/wp\/v2\/types\/page"}],"author":[{"embeddable":true,"href":"https:\/\/loftdent.hu\/eng\/wp-json\/wp\/v2\/users\/1"}],"replies":[{"embeddable":true,"href":"https:\/\/loftdent.hu\/eng\/wp-json\/wp\/v2\/comments?post=539"}],"version-history":[{"count":2,"href":"https:\/\/loftdent.hu\/eng\/wp-json\/wp\/v2\/pages\/539\/revisions"}],"predecessor-version":[{"id":544,"href":"https:\/\/loftdent.hu\/eng\/wp-json\/wp\/v2\/pages\/539\/revisions\/544"}],"wp:attachment":[{"href":"https:\/\/loftdent.hu\/eng\/wp-json\/wp\/v2\/media?parent=539"}],"curies":[{"name":"wp","href":"https:\/\/api.w.org\/{rel}","templated":true}]}}