{"id":517,"date":"2022-04-04T11:41:36","date_gmt":"2022-04-04T11:41:36","guid":{"rendered":"https:\/\/loftdent.hu\/eng\/?page_id=517"},"modified":"2022-10-23T18:51:53","modified_gmt":"2022-10-23T18:51:53","slug":"szponzoracio","status":"publish","type":"page","link":"https:\/\/loftdent.hu\/eng\/szponzoracio\/","title":{"rendered":"Szponzor\u00e1ci\u00f3"},"content":{"rendered":"\n\t<div class=\"img has-hover x md-x lg-x y md-y lg-y\" id=\"image_1296406642\">\n\t\t\t\t\t\t\t\t<div class=\"img-inner dark\" >\n\t\t\t<img loading=\"lazy\" decoding=\"async\" width=\"2048\" height=\"1365\" src=\"https:\/\/loftdent.hu\/eng\/wp-content\/uploads\/2021\/01\/IMG_6903.jpg\" class=\"attachment-original size-original\" alt=\"\" srcset=\"https:\/\/loftdent.hu\/eng\/wp-content\/uploads\/2021\/01\/IMG_6903.jpg 2048w, https:\/\/loftdent.hu\/eng\/wp-content\/uploads\/2021\/01\/IMG_6903-300x200.jpg 300w, https:\/\/loftdent.hu\/eng\/wp-content\/uploads\/2021\/01\/IMG_6903-1024x683.jpg 1024w, https:\/\/loftdent.hu\/eng\/wp-content\/uploads\/2021\/01\/IMG_6903-768x512.jpg 768w, https:\/\/loftdent.hu\/eng\/wp-content\/uploads\/2021\/01\/IMG_6903-1536x1024.jpg 1536w, https:\/\/loftdent.hu\/eng\/wp-content\/uploads\/2021\/01\/IMG_6903-600x400.jpg 600w\" sizes=\"auto, (max-width: 2048px) 100vw, 2048px\" \/>\t\t\t\t\t\t\t<div class=\"overlay\" style=\"background-color: rgba(255, 255, 255, 0.2)\"><\/div>\n\t\t\t\t\t\t\n\t\t\t\t\t<\/div>\n\t\t\t\t\t\t\t\t\n<style>\n#image_1296406642 {\n  width: 100%;\n}\n<\/style>\n\t<\/div>\n\t\n\n\t<section class=\"section\" id=\"section_894464308\">\n\t\t<div class=\"bg section-bg fill bg-fill  bg-loaded\" >\n\n\t\t\t\n\t\t\t\n\t\t\t\n\n\t\t<\/div>\n\n\t\t<div class=\"section-content relative\">\n\t\t\t\n\n<div class=\"row\"  id=\"row-548694736\">\n\n\n\t<div id=\"col-534963531\" class=\"col small-12 large-12\"  >\n\t\t<div class=\"col-inner\"  >\n\t\t\t\n\t\t\t\n\n<div class=\"gs\">\n<div class=\"\">\n<div id=\":21s\" class=\"ii gt\">\n<div id=\":21z\" class=\"a3s aiL \"><strong>The mission of Loft Dent is the perfect smile, so we also support Hungary&#8217;s outstanding fitness competitions on stage. Everybody deserves a perfect smile.<\/strong><\/div>\n<div>\u00a0<\/div>\n<\/div>\n<\/div>\n<\/div>\n\n  \n    <div class=\"row large-columns-3 medium-columns- small-columns-2\">\n          <div class=\"gallery-col col\" >\n          <div class=\"col-inner\">\n            <a class=\"image-lightbox lightbox-gallery\" href=\"https:\/\/loftdent.hu\/eng\/wp-content\/uploads\/2022\/04\/IMG_1578-scaled.jpg\" title=\"\">            <div class=\"box has-hover gallery-box box-overlay dark\">\n              <div class=\"box-image image-cover\" style=\"padding-top:100%;\">\n                <img loading=\"lazy\" decoding=\"async\" width=\"683\" height=\"1024\" src=\"https:\/\/loftdent.hu\/eng\/wp-content\/uploads\/2022\/04\/IMG_1578-scaled.jpg\" class=\"attachment-large size-large\" alt=\"\" ids=\"520,519,672\" columns=\"3\" image_height=\"100%\" image_size=\"large\" \/>                                  <div class=\"overlay fill\"\n                      style=\"background-color: rgba(0,0,0,.15)\">\n                  <\/div>\n                                                              <\/div>\n              <div class=\"box-text text-left\" >\n                 <p><\/p>\n              <\/div>\n            <\/div>\n            <\/a>          <\/div>\n         <\/div>\n                 <div class=\"gallery-col col\" >\n          <div class=\"col-inner\">\n            <a class=\"image-lightbox lightbox-gallery\" href=\"https:\/\/loftdent.hu\/eng\/wp-content\/uploads\/2022\/04\/IMG_1582-1024x683.jpg\" title=\"\">            <div class=\"box has-hover gallery-box box-overlay dark\">\n              <div class=\"box-image image-cover\" style=\"padding-top:100%;\">\n                <img loading=\"lazy\" decoding=\"async\" width=\"1020\" height=\"680\" src=\"https:\/\/loftdent.hu\/eng\/wp-content\/uploads\/2022\/04\/IMG_1582-1024x683.jpg\" class=\"attachment-large size-large\" alt=\"\" ids=\"520,519,672\" columns=\"3\" image_height=\"100%\" image_size=\"large\" srcset=\"https:\/\/loftdent.hu\/eng\/wp-content\/uploads\/2022\/04\/IMG_1582-1024x683.jpg 1024w, https:\/\/loftdent.hu\/eng\/wp-content\/uploads\/2022\/04\/IMG_1582-300x200.jpg 300w, https:\/\/loftdent.hu\/eng\/wp-content\/uploads\/2022\/04\/IMG_1582-768x512.jpg 768w, https:\/\/loftdent.hu\/eng\/wp-content\/uploads\/2022\/04\/IMG_1582-600x400.jpg 600w\" sizes=\"auto, (max-width: 1020px) 100vw, 1020px\" \/>                                  <div class=\"overlay fill\"\n                      style=\"background-color: rgba(0,0,0,.15)\">\n                  <\/div>\n                                                              <\/div>\n              <div class=\"box-text text-left\" >\n                 <p><\/p>\n              <\/div>\n            <\/div>\n            <\/a>          <\/div>\n         <\/div>\n                 <div class=\"gallery-col col\" >\n          <div class=\"col-inner\">\n            <a class=\"image-lightbox lightbox-gallery\" href=\"https:\/\/loftdent.hu\/eng\/wp-content\/uploads\/2022\/10\/20221017_084343-478x1024.jpg\" title=\"\">            <div class=\"box has-hover gallery-box box-overlay dark\">\n              <div class=\"box-image image-cover\" style=\"padding-top:100%;\">\n                <img loading=\"lazy\" decoding=\"async\" width=\"478\" height=\"1024\" src=\"https:\/\/loftdent.hu\/eng\/wp-content\/uploads\/2022\/10\/20221017_084343-478x1024.jpg\" class=\"attachment-large size-large\" alt=\"\" ids=\"520,519,672\" columns=\"3\" image_height=\"100%\" image_size=\"large\" srcset=\"https:\/\/loftdent.hu\/eng\/wp-content\/uploads\/2022\/10\/20221017_084343-478x1024.jpg 478w, https:\/\/loftdent.hu\/eng\/wp-content\/uploads\/2022\/10\/20221017_084343-140x300.jpg 140w, https:\/\/loftdent.hu\/eng\/wp-content\/uploads\/2022\/10\/20221017_084343-768x1645.jpg 768w, https:\/\/loftdent.hu\/eng\/wp-content\/uploads\/2022\/10\/20221017_084343-717x1536.jpg 717w, https:\/\/loftdent.hu\/eng\/wp-content\/uploads\/2022\/10\/20221017_084343-956x2048.jpg 956w, https:\/\/loftdent.hu\/eng\/wp-content\/uploads\/2022\/10\/20221017_084343-600x1285.jpg 600w, https:\/\/loftdent.hu\/eng\/wp-content\/uploads\/2022\/10\/20221017_084343-scaled.jpg 1196w\" sizes=\"auto, (max-width: 478px) 100vw, 478px\" \/>                                  <div class=\"overlay fill\"\n                      style=\"background-color: rgba(0,0,0,.15)\">\n                  <\/div>\n                                                              <\/div>\n              <div class=\"box-text text-left\" >\n                 <p><\/p>\n              <\/div>\n            <\/div>\n            <\/a>          <\/div>\n         <\/div>\n         <\/div>\n\n<div class=\"row\"  id=\"row-1486998247\">\n\n\n\t<div id=\"col-365029527\" class=\"col small-12 large-12\"  >\n\t\t<div class=\"col-inner\"  >\n\t\t\t\n\t\t\t\n\n<p><img loading=\"lazy\" decoding=\"async\" class=\"size-full wp-image-677 aligncenter\" src=\"https:\/\/loftdent.hu\/eng\/wp-content\/uploads\/2022\/10\/ezgif-3-12c3e55078.gif\" alt=\"\" width=\"800\" height=\"800\" \/><\/p>\n\n\t\t<\/div>\n\t\t\t<\/div>\n\n\t\n\n<\/div>\n\n\t\t<\/div>\n\t\t\t<\/div>\n\n\t\n\n<\/div>\n\n\t\t<\/div>\n\n\t\t\n<style>\n#section_894464308 {\n  padding-top: 30px;\n  padding-bottom: 30px;\n}\n<\/style>\n\t<\/section>\n\t\n\n","protected":false},"excerpt":{"rendered":"","protected":false},"author":1,"featured_media":0,"parent":0,"menu_order":0,"comment_status":"closed","ping_status":"closed","template":"page-transparent-header.php","meta":{"footnotes":""},"class_list":["post-517","page","type-page","status-publish","hentry"],"yoast_head":"<!-- This site is optimized with the Yoast SEO plugin v26.7 - https:\/\/yoast.com\/wordpress\/plugins\/seo\/ -->\n<title>Szponzor\u00e1ci\u00f3 - Loft Dent<\/title>\n<meta name=\"robots\" content=\"index, follow, max-snippet:-1, max-image-preview:large, max-video-preview:-1\" \/>\n<link rel=\"canonical\" href=\"https:\/\/loftdent.hu\/eng\/szponzoracio\/\" \/>\n<meta property=\"og:locale\" content=\"hu_HU\" \/>\n<meta property=\"og:type\" content=\"article\" \/>\n<meta property=\"og:title\" content=\"Szponzor\u00e1ci\u00f3 - Loft Dent\" \/>\n<meta property=\"og:url\" content=\"https:\/\/loftdent.hu\/eng\/szponzoracio\/\" \/>\n<meta property=\"og:site_name\" content=\"Loft Dent\" \/>\n<meta property=\"article:modified_time\" content=\"2022-10-23T18:51:53+00:00\" \/>\n<meta property=\"og:image\" content=\"https:\/\/loftdent.hu\/eng\/wp-content\/uploads\/2022\/10\/ezgif-3-12c3e55078.gif\" \/>\n<meta name=\"twitter:card\" content=\"summary_large_image\" \/>\n<script type=\"application\/ld+json\" class=\"yoast-schema-graph\">{\"@context\":\"https:\/\/schema.org\",\"@graph\":[{\"@type\":\"WebPage\",\"@id\":\"https:\/\/loftdent.hu\/eng\/szponzoracio\/\",\"url\":\"https:\/\/loftdent.hu\/eng\/szponzoracio\/\",\"name\":\"Szponzor\u00e1ci\u00f3 - Loft Dent\",\"isPartOf\":{\"@id\":\"https:\/\/loftdent.hu\/eng\/#website\"},\"primaryImageOfPage\":{\"@id\":\"https:\/\/loftdent.hu\/eng\/szponzoracio\/#primaryimage\"},\"image\":{\"@id\":\"https:\/\/loftdent.hu\/eng\/szponzoracio\/#primaryimage\"},\"thumbnailUrl\":\"https:\/\/loftdent.hu\/eng\/wp-content\/uploads\/2022\/10\/ezgif-3-12c3e55078.gif\",\"datePublished\":\"2022-04-04T11:41:36+00:00\",\"dateModified\":\"2022-10-23T18:51:53+00:00\",\"breadcrumb\":{\"@id\":\"https:\/\/loftdent.hu\/eng\/szponzoracio\/#breadcrumb\"},\"inLanguage\":\"hu\",\"potentialAction\":[{\"@type\":\"ReadAction\",\"target\":[\"https:\/\/loftdent.hu\/eng\/szponzoracio\/\"]}]},{\"@type\":\"ImageObject\",\"inLanguage\":\"hu\",\"@id\":\"https:\/\/loftdent.hu\/eng\/szponzoracio\/#primaryimage\",\"url\":\"https:\/\/loftdent.hu\/eng\/wp-content\/uploads\/2022\/10\/ezgif-3-12c3e55078.gif\",\"contentUrl\":\"https:\/\/loftdent.hu\/eng\/wp-content\/uploads\/2022\/10\/ezgif-3-12c3e55078.gif\",\"width\":800,\"height\":800},{\"@type\":\"BreadcrumbList\",\"@id\":\"https:\/\/loftdent.hu\/eng\/szponzoracio\/#breadcrumb\",\"itemListElement\":[{\"@type\":\"ListItem\",\"position\":1,\"name\":\"Kezd\u0151lap\",\"item\":\"https:\/\/loftdent.hu\/eng\/\"},{\"@type\":\"ListItem\",\"position\":2,\"name\":\"Szponzor\u00e1ci\u00f3\"}]},{\"@type\":\"WebSite\",\"@id\":\"https:\/\/loftdent.hu\/eng\/#website\",\"url\":\"https:\/\/loftdent.hu\/eng\/\",\"name\":\"Loft Dent\",\"description\":\"exkluz\u00edv mag\u00e1nfog\u00e1szat\",\"potentialAction\":[{\"@type\":\"SearchAction\",\"target\":{\"@type\":\"EntryPoint\",\"urlTemplate\":\"https:\/\/loftdent.hu\/eng\/?s={search_term_string}\"},\"query-input\":{\"@type\":\"PropertyValueSpecification\",\"valueRequired\":true,\"valueName\":\"search_term_string\"}}],\"inLanguage\":\"hu\"}]}<\/script>\n<!-- \/ Yoast SEO plugin. -->","yoast_head_json":{"title":"Szponzor\u00e1ci\u00f3 - Loft Dent","robots":{"index":"index","follow":"follow","max-snippet":"max-snippet:-1","max-image-preview":"max-image-preview:large","max-video-preview":"max-video-preview:-1"},"canonical":"https:\/\/loftdent.hu\/eng\/szponzoracio\/","og_locale":"hu_HU","og_type":"article","og_title":"Szponzor\u00e1ci\u00f3 - Loft Dent","og_url":"https:\/\/loftdent.hu\/eng\/szponzoracio\/","og_site_name":"Loft Dent","article_modified_time":"2022-10-23T18:51:53+00:00","og_image":[{"url":"https:\/\/loftdent.hu\/eng\/wp-content\/uploads\/2022\/10\/ezgif-3-12c3e55078.gif","type":"","width":"","height":""}],"twitter_card":"summary_large_image","schema":{"@context":"https:\/\/schema.org","@graph":[{"@type":"WebPage","@id":"https:\/\/loftdent.hu\/eng\/szponzoracio\/","url":"https:\/\/loftdent.hu\/eng\/szponzoracio\/","name":"Szponzor\u00e1ci\u00f3 - Loft Dent","isPartOf":{"@id":"https:\/\/loftdent.hu\/eng\/#website"},"primaryImageOfPage":{"@id":"https:\/\/loftdent.hu\/eng\/szponzoracio\/#primaryimage"},"image":{"@id":"https:\/\/loftdent.hu\/eng\/szponzoracio\/#primaryimage"},"thumbnailUrl":"https:\/\/loftdent.hu\/eng\/wp-content\/uploads\/2022\/10\/ezgif-3-12c3e55078.gif","datePublished":"2022-04-04T11:41:36+00:00","dateModified":"2022-10-23T18:51:53+00:00","breadcrumb":{"@id":"https:\/\/loftdent.hu\/eng\/szponzoracio\/#breadcrumb"},"inLanguage":"hu","potentialAction":[{"@type":"ReadAction","target":["https:\/\/loftdent.hu\/eng\/szponzoracio\/"]}]},{"@type":"ImageObject","inLanguage":"hu","@id":"https:\/\/loftdent.hu\/eng\/szponzoracio\/#primaryimage","url":"https:\/\/loftdent.hu\/eng\/wp-content\/uploads\/2022\/10\/ezgif-3-12c3e55078.gif","contentUrl":"https:\/\/loftdent.hu\/eng\/wp-content\/uploads\/2022\/10\/ezgif-3-12c3e55078.gif","width":800,"height":800},{"@type":"BreadcrumbList","@id":"https:\/\/loftdent.hu\/eng\/szponzoracio\/#breadcrumb","itemListElement":[{"@type":"ListItem","position":1,"name":"Kezd\u0151lap","item":"https:\/\/loftdent.hu\/eng\/"},{"@type":"ListItem","position":2,"name":"Szponzor\u00e1ci\u00f3"}]},{"@type":"WebSite","@id":"https:\/\/loftdent.hu\/eng\/#website","url":"https:\/\/loftdent.hu\/eng\/","name":"Loft Dent","description":"exkluz\u00edv mag\u00e1nfog\u00e1szat","potentialAction":[{"@type":"SearchAction","target":{"@type":"EntryPoint","urlTemplate":"https:\/\/loftdent.hu\/eng\/?s={search_term_string}"},"query-input":{"@type":"PropertyValueSpecification","valueRequired":true,"valueName":"search_term_string"}}],"inLanguage":"hu"}]}},"_links":{"self":[{"href":"https:\/\/loftdent.hu\/eng\/wp-json\/wp\/v2\/pages\/517","targetHints":{"allow":["GET"]}}],"collection":[{"href":"https:\/\/loftdent.hu\/eng\/wp-json\/wp\/v2\/pages"}],"about":[{"href":"https:\/\/loftdent.hu\/eng\/wp-json\/wp\/v2\/types\/page"}],"author":[{"embeddable":true,"href":"https:\/\/loftdent.hu\/eng\/wp-json\/wp\/v2\/users\/1"}],"replies":[{"embeddable":true,"href":"https:\/\/loftdent.hu\/eng\/wp-json\/wp\/v2\/comments?post=517"}],"version-history":[{"count":8,"href":"https:\/\/loftdent.hu\/eng\/wp-json\/wp\/v2\/pages\/517\/revisions"}],"predecessor-version":[{"id":678,"href":"https:\/\/loftdent.hu\/eng\/wp-json\/wp\/v2\/pages\/517\/revisions\/678"}],"wp:attachment":[{"href":"https:\/\/loftdent.hu\/eng\/wp-json\/wp\/v2\/media?parent=517"}],"curies":[{"name":"wp","href":"https:\/\/api.w.org\/{rel}","templated":true}]}}