{"id":468,"date":"2022-03-29T13:37:40","date_gmt":"2022-03-29T13:37:40","guid":{"rendered":"https:\/\/loftdent.hu\/eng\/?page_id=468"},"modified":"2022-07-03T17:46:11","modified_gmt":"2022-07-03T17:46:11","slug":"referenciak","status":"publish","type":"page","link":"https:\/\/loftdent.hu\/eng\/referenciak\/","title":{"rendered":"Referenci\u00e1k"},"content":{"rendered":"\n\t<div class=\"img has-hover x md-x lg-x y md-y lg-y\" id=\"image_1035394507\">\n\t\t\t\t\t\t\t\t<div class=\"img-inner image-cover dark\" style=\"padding-top:50%;\">\n\t\t\t<img loading=\"lazy\" decoding=\"async\" width=\"2560\" height=\"1707\" src=\"https:\/\/loftdent.hu\/eng\/wp-content\/uploads\/2022\/03\/IMG_6903b-scaled.jpg\" class=\"attachment-original size-original\" alt=\"\" srcset=\"https:\/\/loftdent.hu\/eng\/wp-content\/uploads\/2022\/03\/IMG_6903b-scaled.jpg 2560w, https:\/\/loftdent.hu\/eng\/wp-content\/uploads\/2022\/03\/IMG_6903b-300x200.jpg 300w, https:\/\/loftdent.hu\/eng\/wp-content\/uploads\/2022\/03\/IMG_6903b-1024x683.jpg 1024w, https:\/\/loftdent.hu\/eng\/wp-content\/uploads\/2022\/03\/IMG_6903b-768x512.jpg 768w, https:\/\/loftdent.hu\/eng\/wp-content\/uploads\/2022\/03\/IMG_6903b-1536x1024.jpg 1536w, https:\/\/loftdent.hu\/eng\/wp-content\/uploads\/2022\/03\/IMG_6903b-2048x1365.jpg 2048w, https:\/\/loftdent.hu\/eng\/wp-content\/uploads\/2022\/03\/IMG_6903b-600x400.jpg 600w\" sizes=\"auto, (max-width: 2560px) 100vw, 2560px\" \/>\t\t\t\t\t\t\t<div class=\"overlay\" style=\"background-color: rgba(255, 255, 255, 0.2)\"><\/div>\n\t\t\t\t\t\t\n\t\t\t\t\t<\/div>\n\t\t\t\t\t\t\t\t\n<style>\n#image_1035394507 {\n  width: 100%;\n}\n<\/style>\n\t<\/div>\n\t\n\n\t<section class=\"section\" id=\"section_1877265570\">\n\t\t<div class=\"bg section-bg fill bg-fill  bg-loaded\" >\n\n\t\t\t\n\t\t\t\n\t\t\t\n\n\t\t<\/div>\n\n\t\t<div class=\"section-content relative\">\n\t\t\t\n\n<div class=\"row\"  id=\"row-1494069671\">\n\n\n\t<div id=\"col-1974632790\" class=\"col small-12 large-12\"  >\n\t\t<div class=\"col-inner\"  >\n\t\t\t\n\t\t\t\n\n<h3><strong>Loft Dent fog\u00e1szat referenci\u00e1k<\/strong><\/h3>\n<div class=\"row\"  id=\"row-132795336\">\n\n\n\t<div id=\"col-1272960231\" class=\"col medium-4 small-12 large-4\"  >\n\t\t<div class=\"col-inner\"  >\n\t\t\t\n\t\t\t\n\n<p><a href=\"https:\/\/loftdent.hu\/eng\/referenciak-egyeni-fogvedo\/\"><img loading=\"lazy\" decoding=\"async\" class=\"alignnone size-full wp-image-645\" src=\"https:\/\/loftdent.hu\/eng\/wp-content\/uploads\/2022\/07\/01-referenciak-fogvedo-eng.png\" alt=\"\" width=\"500\" height=\"500\" srcset=\"https:\/\/loftdent.hu\/eng\/wp-content\/uploads\/2022\/07\/01-referenciak-fogvedo-eng.png 500w, https:\/\/loftdent.hu\/eng\/wp-content\/uploads\/2022\/07\/01-referenciak-fogvedo-eng-300x300.png 300w, https:\/\/loftdent.hu\/eng\/wp-content\/uploads\/2022\/07\/01-referenciak-fogvedo-eng-150x150.png 150w, https:\/\/loftdent.hu\/eng\/wp-content\/uploads\/2022\/07\/01-referenciak-fogvedo-eng-100x100.png 100w\" sizes=\"auto, (max-width: 500px) 100vw, 500px\" \/><\/a><\/p>\n\n\t\t<\/div>\n\t\t\t<\/div>\n\n\t\n\n\t<div id=\"col-1407227753\" class=\"col medium-4 small-12 large-4\"  >\n\t\t<div class=\"col-inner\"  >\n\t\t\t\n\t\t\t\n\n<p><a href=\"https:\/\/loftdent.hu\/eng\/referenciak-elpotlas\/\"><img loading=\"lazy\" decoding=\"async\" class=\"alignnone size-full wp-image-646\" src=\"https:\/\/loftdent.hu\/eng\/wp-content\/uploads\/2022\/07\/02-referenciak-elpotlas-eng.png\" alt=\"\" width=\"500\" height=\"500\" srcset=\"https:\/\/loftdent.hu\/eng\/wp-content\/uploads\/2022\/07\/02-referenciak-elpotlas-eng.png 500w, https:\/\/loftdent.hu\/eng\/wp-content\/uploads\/2022\/07\/02-referenciak-elpotlas-eng-300x300.png 300w, https:\/\/loftdent.hu\/eng\/wp-content\/uploads\/2022\/07\/02-referenciak-elpotlas-eng-150x150.png 150w, https:\/\/loftdent.hu\/eng\/wp-content\/uploads\/2022\/07\/02-referenciak-elpotlas-eng-100x100.png 100w\" sizes=\"auto, (max-width: 500px) 100vw, 500px\" \/><\/a><\/p>\n\n\t\t<\/div>\n\t\t\t<\/div>\n\n\t\n\n\t<div id=\"col-1973332190\" class=\"col medium-4 small-12 large-4\"  >\n\t\t<div class=\"col-inner\"  >\n\t\t\t\n\t\t\t\n\n<p><a href=\"https:\/\/loftdent.hu\/eng\/referenciak-fogsor\/\"><img loading=\"lazy\" decoding=\"async\" class=\"alignnone size-full wp-image-647\" src=\"https:\/\/loftdent.hu\/eng\/wp-content\/uploads\/2022\/07\/03-referenciak-fogsor-eng.png\" alt=\"\" width=\"500\" height=\"500\" srcset=\"https:\/\/loftdent.hu\/eng\/wp-content\/uploads\/2022\/07\/03-referenciak-fogsor-eng.png 500w, https:\/\/loftdent.hu\/eng\/wp-content\/uploads\/2022\/07\/03-referenciak-fogsor-eng-300x300.png 300w, https:\/\/loftdent.hu\/eng\/wp-content\/uploads\/2022\/07\/03-referenciak-fogsor-eng-150x150.png 150w, https:\/\/loftdent.hu\/eng\/wp-content\/uploads\/2022\/07\/03-referenciak-fogsor-eng-100x100.png 100w\" sizes=\"auto, (max-width: 500px) 100vw, 500px\" \/><\/a><\/p>\n\n\t\t<\/div>\n\t\t\t<\/div>\n\n\t\n\n<\/div>\n\n\t\t<\/div>\n\t\t\t<\/div>\n\n\t\n\n\t<div id=\"col-133240062\" class=\"col small-12 large-12\"  >\n\t\t<div class=\"col-inner\"  >\n\t\t\t\n\t\t\t\n\n<div class=\"row\"  id=\"row-1303433738\">\n\n\n\t<div id=\"col-911678868\" class=\"col medium-4 small-12 large-4\"  >\n\t\t<div class=\"col-inner\"  >\n\t\t\t\n\t\t\t\n\n<p><a href=\"https:\/\/loftdent.hu\/eng\/referenciak-full-zirkon-a1\/\"><img loading=\"lazy\" decoding=\"async\" class=\"alignnone wp-image-534 size-full\" src=\"https:\/\/loftdent.hu\/eng\/wp-content\/uploads\/2022\/04\/04-referenciak-full-zirkon.png\" alt=\"\" width=\"500\" height=\"500\" srcset=\"https:\/\/loftdent.hu\/eng\/wp-content\/uploads\/2022\/04\/04-referenciak-full-zirkon.png 500w, https:\/\/loftdent.hu\/eng\/wp-content\/uploads\/2022\/04\/04-referenciak-full-zirkon-300x300.png 300w, https:\/\/loftdent.hu\/eng\/wp-content\/uploads\/2022\/04\/04-referenciak-full-zirkon-150x150.png 150w, https:\/\/loftdent.hu\/eng\/wp-content\/uploads\/2022\/04\/04-referenciak-full-zirkon-100x100.png 100w\" sizes=\"auto, (max-width: 500px) 100vw, 500px\" \/><\/a><\/p>\n\n\t\t<\/div>\n\t\t\t<\/div>\n\n\t\n\n\t<div id=\"col-1280020671\" class=\"col medium-4 small-12 large-4\"  >\n\t\t<div class=\"col-inner\"  >\n\t\t\t\n\t\t\t\n\n<p><a href=\"https:\/\/loftdent.hu\/eng\/referenciak-full-zirkon-b2\/\"><img loading=\"lazy\" decoding=\"async\" class=\"alignnone wp-image-545 size-full\" src=\"https:\/\/loftdent.hu\/eng\/wp-content\/uploads\/2022\/04\/05-referenciak-full-zirkon-1.png\" alt=\"\" width=\"500\" height=\"500\" srcset=\"https:\/\/loftdent.hu\/eng\/wp-content\/uploads\/2022\/04\/05-referenciak-full-zirkon-1.png 500w, https:\/\/loftdent.hu\/eng\/wp-content\/uploads\/2022\/04\/05-referenciak-full-zirkon-1-300x300.png 300w, https:\/\/loftdent.hu\/eng\/wp-content\/uploads\/2022\/04\/05-referenciak-full-zirkon-1-150x150.png 150w, https:\/\/loftdent.hu\/eng\/wp-content\/uploads\/2022\/04\/05-referenciak-full-zirkon-1-100x100.png 100w\" sizes=\"auto, (max-width: 500px) 100vw, 500px\" \/><\/a><\/p>\n\n\t\t<\/div>\n\t\t\t<\/div>\n\n\t\n\n\t<div id=\"col-744593150\" class=\"col medium-4 small-12 large-4\"  >\n\t\t<div class=\"col-inner\"  >\n\t\t\t\n\t\t\t\n\n<p><a href=\"https:\/\/loftdent.hu\/eng\/referenciak-full-zirkon-b2-2\/\"><img loading=\"lazy\" decoding=\"async\" class=\"alignnone wp-image-637 size-full\" src=\"https:\/\/loftdent.hu\/eng\/wp-content\/uploads\/2022\/07\/06-referenciak-full-zirkon2.png\" alt=\"\" width=\"500\" height=\"500\" srcset=\"https:\/\/loftdent.hu\/eng\/wp-content\/uploads\/2022\/07\/06-referenciak-full-zirkon2.png 500w, https:\/\/loftdent.hu\/eng\/wp-content\/uploads\/2022\/07\/06-referenciak-full-zirkon2-300x300.png 300w, https:\/\/loftdent.hu\/eng\/wp-content\/uploads\/2022\/07\/06-referenciak-full-zirkon2-150x150.png 150w, https:\/\/loftdent.hu\/eng\/wp-content\/uploads\/2022\/07\/06-referenciak-full-zirkon2-100x100.png 100w\" sizes=\"auto, (max-width: 500px) 100vw, 500px\" \/><\/a><\/p>\n\n\t\t<\/div>\n\t\t\t<\/div>\n\n\t\n\n<\/div>\n<div class=\"row\"  id=\"row-285327358\">\n\n\n\t<div id=\"col-556193633\" class=\"col medium-4 small-12 large-4\"  >\n\t\t<div class=\"col-inner\"  >\n\t\t\t\n\t\t\t\n\n<p><a href=\"https:\/\/loftdent.hu\/eng\/referenciak-full-zirkon-b2-3\/\"><img loading=\"lazy\" decoding=\"async\" class=\"alignnone wp-image-537 size-full\" src=\"https:\/\/loftdent.hu\/eng\/wp-content\/uploads\/2022\/04\/07-referenciak-full-zirkon.png\" alt=\"\" width=\"500\" height=\"500\" srcset=\"https:\/\/loftdent.hu\/eng\/wp-content\/uploads\/2022\/04\/07-referenciak-full-zirkon.png 500w, https:\/\/loftdent.hu\/eng\/wp-content\/uploads\/2022\/04\/07-referenciak-full-zirkon-300x300.png 300w, https:\/\/loftdent.hu\/eng\/wp-content\/uploads\/2022\/04\/07-referenciak-full-zirkon-150x150.png 150w, https:\/\/loftdent.hu\/eng\/wp-content\/uploads\/2022\/04\/07-referenciak-full-zirkon-100x100.png 100w\" sizes=\"auto, (max-width: 500px) 100vw, 500px\" \/><\/a><\/p>\n\n\t\t<\/div>\n\t\t\t<\/div>\n\n\t\n\n\t<div id=\"col-621181618\" class=\"col medium-4 small-12 large-4\"  >\n\t\t<div class=\"col-inner\"  >\n\t\t\t\n\t\t\t\n\n\n\t\t<\/div>\n\t\t\t<\/div>\n\n\t\n\n\t<div id=\"col-396345640\" class=\"col medium-4 small-12 large-4\"  >\n\t\t<div class=\"col-inner\"  >\n\t\t\t\n\t\t\t\n\n\n\t\t<\/div>\n\t\t\t<\/div>\n\n\t\n\n<\/div>\n\n\t\t<\/div>\n\t\t\t<\/div>\n\n\t\n\n<\/div>\n\n\t\t<\/div>\n\n\t\t\n<style>\n#section_1877265570 {\n  padding-top: 30px;\n  padding-bottom: 30px;\n}\n<\/style>\n\t<\/section>\n\t\n\n","protected":false},"excerpt":{"rendered":"","protected":false},"author":1,"featured_media":0,"parent":0,"menu_order":0,"comment_status":"closed","ping_status":"closed","template":"page-transparent-header.php","meta":{"footnotes":""},"class_list":["post-468","page","type-page","status-publish","hentry"],"yoast_head":"<!-- This site is optimized with the Yoast SEO plugin v26.7 - https:\/\/yoast.com\/wordpress\/plugins\/seo\/ -->\n<title>Referenci\u00e1k - Loft Dent<\/title>\n<meta name=\"robots\" content=\"index, follow, max-snippet:-1, max-image-preview:large, max-video-preview:-1\" \/>\n<link rel=\"canonical\" href=\"https:\/\/loftdent.hu\/eng\/referenciak\/\" \/>\n<meta property=\"og:locale\" content=\"hu_HU\" \/>\n<meta property=\"og:type\" content=\"article\" \/>\n<meta property=\"og:title\" content=\"Referenci\u00e1k - Loft Dent\" \/>\n<meta property=\"og:url\" content=\"https:\/\/loftdent.hu\/eng\/referenciak\/\" \/>\n<meta property=\"og:site_name\" content=\"Loft Dent\" \/>\n<meta property=\"article:modified_time\" content=\"2022-07-03T17:46:11+00:00\" \/>\n<meta property=\"og:image\" content=\"https:\/\/loftdent.hu\/eng\/wp-content\/uploads\/2022\/07\/01-referenciak-fogvedo-eng.png\" \/>\n<meta name=\"twitter:card\" content=\"summary_large_image\" \/>\n<script type=\"application\/ld+json\" class=\"yoast-schema-graph\">{\"@context\":\"https:\/\/schema.org\",\"@graph\":[{\"@type\":\"WebPage\",\"@id\":\"https:\/\/loftdent.hu\/eng\/referenciak\/\",\"url\":\"https:\/\/loftdent.hu\/eng\/referenciak\/\",\"name\":\"Referenci\u00e1k - Loft Dent\",\"isPartOf\":{\"@id\":\"https:\/\/loftdent.hu\/eng\/#website\"},\"primaryImageOfPage\":{\"@id\":\"https:\/\/loftdent.hu\/eng\/referenciak\/#primaryimage\"},\"image\":{\"@id\":\"https:\/\/loftdent.hu\/eng\/referenciak\/#primaryimage\"},\"thumbnailUrl\":\"https:\/\/loftdent.hu\/eng\/wp-content\/uploads\/2022\/07\/01-referenciak-fogvedo-eng.png\",\"datePublished\":\"2022-03-29T13:37:40+00:00\",\"dateModified\":\"2022-07-03T17:46:11+00:00\",\"breadcrumb\":{\"@id\":\"https:\/\/loftdent.hu\/eng\/referenciak\/#breadcrumb\"},\"inLanguage\":\"hu\",\"potentialAction\":[{\"@type\":\"ReadAction\",\"target\":[\"https:\/\/loftdent.hu\/eng\/referenciak\/\"]}]},{\"@type\":\"ImageObject\",\"inLanguage\":\"hu\",\"@id\":\"https:\/\/loftdent.hu\/eng\/referenciak\/#primaryimage\",\"url\":\"https:\/\/loftdent.hu\/eng\/wp-content\/uploads\/2022\/07\/01-referenciak-fogvedo-eng.png\",\"contentUrl\":\"https:\/\/loftdent.hu\/eng\/wp-content\/uploads\/2022\/07\/01-referenciak-fogvedo-eng.png\",\"width\":500,\"height\":500},{\"@type\":\"BreadcrumbList\",\"@id\":\"https:\/\/loftdent.hu\/eng\/referenciak\/#breadcrumb\",\"itemListElement\":[{\"@type\":\"ListItem\",\"position\":1,\"name\":\"Kezd\u0151lap\",\"item\":\"https:\/\/loftdent.hu\/eng\/\"},{\"@type\":\"ListItem\",\"position\":2,\"name\":\"Referenci\u00e1k\"}]},{\"@type\":\"WebSite\",\"@id\":\"https:\/\/loftdent.hu\/eng\/#website\",\"url\":\"https:\/\/loftdent.hu\/eng\/\",\"name\":\"Loft Dent\",\"description\":\"exkluz\u00edv mag\u00e1nfog\u00e1szat\",\"potentialAction\":[{\"@type\":\"SearchAction\",\"target\":{\"@type\":\"EntryPoint\",\"urlTemplate\":\"https:\/\/loftdent.hu\/eng\/?s={search_term_string}\"},\"query-input\":{\"@type\":\"PropertyValueSpecification\",\"valueRequired\":true,\"valueName\":\"search_term_string\"}}],\"inLanguage\":\"hu\"}]}<\/script>\n<!-- \/ Yoast SEO plugin. -->","yoast_head_json":{"title":"Referenci\u00e1k - Loft Dent","robots":{"index":"index","follow":"follow","max-snippet":"max-snippet:-1","max-image-preview":"max-image-preview:large","max-video-preview":"max-video-preview:-1"},"canonical":"https:\/\/loftdent.hu\/eng\/referenciak\/","og_locale":"hu_HU","og_type":"article","og_title":"Referenci\u00e1k - Loft Dent","og_url":"https:\/\/loftdent.hu\/eng\/referenciak\/","og_site_name":"Loft Dent","article_modified_time":"2022-07-03T17:46:11+00:00","og_image":[{"url":"https:\/\/loftdent.hu\/eng\/wp-content\/uploads\/2022\/07\/01-referenciak-fogvedo-eng.png","type":"","width":"","height":""}],"twitter_card":"summary_large_image","schema":{"@context":"https:\/\/schema.org","@graph":[{"@type":"WebPage","@id":"https:\/\/loftdent.hu\/eng\/referenciak\/","url":"https:\/\/loftdent.hu\/eng\/referenciak\/","name":"Referenci\u00e1k - Loft Dent","isPartOf":{"@id":"https:\/\/loftdent.hu\/eng\/#website"},"primaryImageOfPage":{"@id":"https:\/\/loftdent.hu\/eng\/referenciak\/#primaryimage"},"image":{"@id":"https:\/\/loftdent.hu\/eng\/referenciak\/#primaryimage"},"thumbnailUrl":"https:\/\/loftdent.hu\/eng\/wp-content\/uploads\/2022\/07\/01-referenciak-fogvedo-eng.png","datePublished":"2022-03-29T13:37:40+00:00","dateModified":"2022-07-03T17:46:11+00:00","breadcrumb":{"@id":"https:\/\/loftdent.hu\/eng\/referenciak\/#breadcrumb"},"inLanguage":"hu","potentialAction":[{"@type":"ReadAction","target":["https:\/\/loftdent.hu\/eng\/referenciak\/"]}]},{"@type":"ImageObject","inLanguage":"hu","@id":"https:\/\/loftdent.hu\/eng\/referenciak\/#primaryimage","url":"https:\/\/loftdent.hu\/eng\/wp-content\/uploads\/2022\/07\/01-referenciak-fogvedo-eng.png","contentUrl":"https:\/\/loftdent.hu\/eng\/wp-content\/uploads\/2022\/07\/01-referenciak-fogvedo-eng.png","width":500,"height":500},{"@type":"BreadcrumbList","@id":"https:\/\/loftdent.hu\/eng\/referenciak\/#breadcrumb","itemListElement":[{"@type":"ListItem","position":1,"name":"Kezd\u0151lap","item":"https:\/\/loftdent.hu\/eng\/"},{"@type":"ListItem","position":2,"name":"Referenci\u00e1k"}]},{"@type":"WebSite","@id":"https:\/\/loftdent.hu\/eng\/#website","url":"https:\/\/loftdent.hu\/eng\/","name":"Loft Dent","description":"exkluz\u00edv mag\u00e1nfog\u00e1szat","potentialAction":[{"@type":"SearchAction","target":{"@type":"EntryPoint","urlTemplate":"https:\/\/loftdent.hu\/eng\/?s={search_term_string}"},"query-input":{"@type":"PropertyValueSpecification","valueRequired":true,"valueName":"search_term_string"}}],"inLanguage":"hu"}]}},"_links":{"self":[{"href":"https:\/\/loftdent.hu\/eng\/wp-json\/wp\/v2\/pages\/468","targetHints":{"allow":["GET"]}}],"collection":[{"href":"https:\/\/loftdent.hu\/eng\/wp-json\/wp\/v2\/pages"}],"about":[{"href":"https:\/\/loftdent.hu\/eng\/wp-json\/wp\/v2\/types\/page"}],"author":[{"embeddable":true,"href":"https:\/\/loftdent.hu\/eng\/wp-json\/wp\/v2\/users\/1"}],"replies":[{"embeddable":true,"href":"https:\/\/loftdent.hu\/eng\/wp-json\/wp\/v2\/comments?post=468"}],"version-history":[{"count":14,"href":"https:\/\/loftdent.hu\/eng\/wp-json\/wp\/v2\/pages\/468\/revisions"}],"predecessor-version":[{"id":649,"href":"https:\/\/loftdent.hu\/eng\/wp-json\/wp\/v2\/pages\/468\/revisions\/649"}],"wp:attachment":[{"href":"https:\/\/loftdent.hu\/eng\/wp-json\/wp\/v2\/media?parent=468"}],"curies":[{"name":"wp","href":"https:\/\/api.w.org\/{rel}","templated":true}]}}