{"id":439,"date":"2022-03-28T19:01:54","date_gmt":"2022-03-28T19:01:54","guid":{"rendered":"https:\/\/loftdent.hu\/eng\/?page_id=439"},"modified":"2022-06-23T18:07:45","modified_gmt":"2022-06-23T18:07:45","slug":"media","status":"publish","type":"page","link":"https:\/\/loftdent.hu\/eng\/media\/","title":{"rendered":"M\u00e9dia"},"content":{"rendered":"\n\t<div class=\"img has-hover x md-x lg-x y md-y lg-y\" id=\"image_1826543232\">\n\t\t\t\t\t\t\t\t<div class=\"img-inner image-cover dark\" style=\"padding-top:50%;\">\n\t\t\t<img loading=\"lazy\" decoding=\"async\" width=\"2048\" height=\"1365\" src=\"https:\/\/loftdent.hu\/eng\/wp-content\/uploads\/2020\/11\/IMG_5061-1.jpg\" class=\"attachment-original size-original\" alt=\"\" srcset=\"https:\/\/loftdent.hu\/eng\/wp-content\/uploads\/2020\/11\/IMG_5061-1.jpg 2048w, https:\/\/loftdent.hu\/eng\/wp-content\/uploads\/2020\/11\/IMG_5061-1-300x200.jpg 300w, https:\/\/loftdent.hu\/eng\/wp-content\/uploads\/2020\/11\/IMG_5061-1-1024x683.jpg 1024w, https:\/\/loftdent.hu\/eng\/wp-content\/uploads\/2020\/11\/IMG_5061-1-768x512.jpg 768w, https:\/\/loftdent.hu\/eng\/wp-content\/uploads\/2020\/11\/IMG_5061-1-1536x1024.jpg 1536w, https:\/\/loftdent.hu\/eng\/wp-content\/uploads\/2020\/11\/IMG_5061-1-600x400.jpg 600w\" sizes=\"auto, (max-width: 2048px) 100vw, 2048px\" \/>\t\t\t\t\t\t\t<div class=\"overlay\" style=\"background-color: rgba(255, 255, 255, 0.41)\"><\/div>\n\t\t\t\t\t\t\n\t\t\t\t\t<\/div>\n\t\t\t\t\t\t\t\t\n<style>\n#image_1826543232 {\n  width: 100%;\n}\n<\/style>\n\t<\/div>\n\t\n\n\t<section class=\"section\" id=\"section_191972350\">\n\t\t<div class=\"bg section-bg fill bg-fill  bg-loaded\" >\n\n\t\t\t\n\t\t\t\n\t\t\t\n\n\t\t<\/div>\n\n\t\t<div class=\"section-content relative\">\n\t\t\t\n\n<div class=\"row\"  id=\"row-1997766261\">\n\n\n\t<div id=\"col-1058573824\" class=\"col small-12 large-12\"  >\n\t\t<div class=\"col-inner\"  >\n\t\t\t\n\t\t\t\n\n<h3>Introducing Loft Dent exclusive dentistry<\/h3>\n<p><iframe loading=\"lazy\" title=\"Loft Dent-Luxury Dental Clinic Budapest\" width=\"1020\" height=\"574\" src=\"https:\/\/www.youtube.com\/embed\/PQEKw319mKQ?feature=oembed\" frameborder=\"0\" allow=\"accelerometer; autoplay; clipboard-write; encrypted-media; gyroscope; picture-in-picture\" allowfullscreen><\/iframe><\/p>\n\n\t\t<\/div>\n\t\t\t<\/div>\n\n\t\n\n<\/div>\n\n\t\t<\/div>\n\n\t\t\n<style>\n#section_191972350 {\n  padding-top: 30px;\n  padding-bottom: 30px;\n}\n<\/style>\n\t<\/section>\n\t\n\t<section class=\"section\" id=\"section_389756104\">\n\t\t<div class=\"bg section-bg fill bg-fill  bg-loaded\" >\n\n\t\t\t\n\t\t\t\n\t\t\t\n\n\t\t<\/div>\n\n\t\t<div class=\"section-content relative\">\n\t\t\t\n\n<div class=\"row\"  id=\"row-1929537095\">\n\n\n\t<div id=\"col-1423040078\" class=\"col small-12 large-12\"  >\n\t\t<div class=\"col-inner\"  >\n\t\t\t\n\t\t\t\n\n<h3>Iconix fixed orthodontic appliance<\/h3>\n<p><iframe loading=\"lazy\" title=\"Iconix r\u00f6gz\u00edtett fogszab\u00e1lyoz\u00f3 ragaszt\u00e1sa sablonnal\" width=\"1020\" height=\"574\" src=\"https:\/\/www.youtube.com\/embed\/HAJny-rOvyc?feature=oembed\" frameborder=\"0\" allow=\"accelerometer; autoplay; clipboard-write; encrypted-media; gyroscope; picture-in-picture\" allowfullscreen><\/iframe><\/p>\n\n\t\t<\/div>\n\t\t\t<\/div>\n\n\t\n\n<\/div>\n\n\t\t<\/div>\n\n\t\t\n<style>\n#section_389756104 {\n  padding-top: 30px;\n  padding-bottom: 30px;\n  background-color: rgb(224, 224, 224);\n}\n<\/style>\n\t<\/section>\n\t\n\t<section class=\"section\" id=\"section_41498387\">\n\t\t<div class=\"bg section-bg fill bg-fill  bg-loaded\" >\n\n\t\t\t\n\t\t\t\n\t\t\t\n\n\t\t<\/div>\n\n\t\t<div class=\"section-content relative\">\n\t\t\t\n\n<div class=\"row\"  id=\"row-670495234\">\n\n\n\t<div id=\"col-648482872\" class=\"col small-12 large-12\"  >\n\t\t<div class=\"col-inner\"  >\n\t\t\t\n\t\t\t\n\n<h3>DIO UV Activator &#8211; for the first time in Hungary only available at Loft Dent Dentistry<\/h3>\n<p><iframe loading=\"lazy\" title=\"Loft Dent Luxury Clinic Budapest - DIO UV Activator\" width=\"1020\" height=\"574\" src=\"https:\/\/www.youtube.com\/embed\/IdswZvHaknU?feature=oembed\" frameborder=\"0\" allow=\"accelerometer; autoplay; clipboard-write; encrypted-media; gyroscope; picture-in-picture\" allowfullscreen><\/iframe><\/p>\n<p>The last surface treatment of the dental implant takes place just before insertion, thus shortening the healing time. As a result of the treatment, the screw becomes hydrophilic, and its surface becomes positively charged due to the electrostatic charge. The operation must be done just before the insertion because the charged particles will lose its charge over time and the carbon particles will re-accumulate. Thanks to the effect of the DIO UV Activator, the implant is getting inserted faster, it will become stable sooner (osseointegration), so the prosthesis can be completed sooner too.<\/p>\n\n\t\t<\/div>\n\t\t\t<\/div>\n\n\t\n\n<\/div>\n\n\t\t<\/div>\n\n\t\t\n<style>\n#section_41498387 {\n  padding-top: 30px;\n  padding-bottom: 30px;\n}\n<\/style>\n\t<\/section>\n\t\n\n","protected":false},"excerpt":{"rendered":"","protected":false},"author":1,"featured_media":0,"parent":0,"menu_order":0,"comment_status":"closed","ping_status":"closed","template":"page-transparent-header.php","meta":{"footnotes":""},"class_list":["post-439","page","type-page","status-publish","hentry"],"yoast_head":"<!-- This site is optimized with the Yoast SEO plugin v26.7 - https:\/\/yoast.com\/wordpress\/plugins\/seo\/ -->\n<title>M\u00e9dia - Loft Dent<\/title>\n<meta name=\"robots\" content=\"index, follow, max-snippet:-1, max-image-preview:large, max-video-preview:-1\" \/>\n<link rel=\"canonical\" href=\"https:\/\/loftdent.hu\/eng\/media\/\" \/>\n<meta property=\"og:locale\" content=\"hu_HU\" \/>\n<meta property=\"og:type\" content=\"article\" \/>\n<meta property=\"og:title\" content=\"M\u00e9dia - Loft Dent\" \/>\n<meta property=\"og:url\" content=\"https:\/\/loftdent.hu\/eng\/media\/\" \/>\n<meta property=\"og:site_name\" content=\"Loft Dent\" \/>\n<meta property=\"article:modified_time\" content=\"2022-06-23T18:07:45+00:00\" \/>\n<meta name=\"twitter:card\" content=\"summary_large_image\" \/>\n<script type=\"application\/ld+json\" class=\"yoast-schema-graph\">{\"@context\":\"https:\/\/schema.org\",\"@graph\":[{\"@type\":\"WebPage\",\"@id\":\"https:\/\/loftdent.hu\/eng\/media\/\",\"url\":\"https:\/\/loftdent.hu\/eng\/media\/\",\"name\":\"M\u00e9dia - Loft Dent\",\"isPartOf\":{\"@id\":\"https:\/\/loftdent.hu\/eng\/#website\"},\"datePublished\":\"2022-03-28T19:01:54+00:00\",\"dateModified\":\"2022-06-23T18:07:45+00:00\",\"breadcrumb\":{\"@id\":\"https:\/\/loftdent.hu\/eng\/media\/#breadcrumb\"},\"inLanguage\":\"hu\",\"potentialAction\":[{\"@type\":\"ReadAction\",\"target\":[\"https:\/\/loftdent.hu\/eng\/media\/\"]}]},{\"@type\":\"BreadcrumbList\",\"@id\":\"https:\/\/loftdent.hu\/eng\/media\/#breadcrumb\",\"itemListElement\":[{\"@type\":\"ListItem\",\"position\":1,\"name\":\"Kezd\u0151lap\",\"item\":\"https:\/\/loftdent.hu\/eng\/\"},{\"@type\":\"ListItem\",\"position\":2,\"name\":\"M\u00e9dia\"}]},{\"@type\":\"WebSite\",\"@id\":\"https:\/\/loftdent.hu\/eng\/#website\",\"url\":\"https:\/\/loftdent.hu\/eng\/\",\"name\":\"Loft Dent\",\"description\":\"exkluz\u00edv mag\u00e1nfog\u00e1szat\",\"potentialAction\":[{\"@type\":\"SearchAction\",\"target\":{\"@type\":\"EntryPoint\",\"urlTemplate\":\"https:\/\/loftdent.hu\/eng\/?s={search_term_string}\"},\"query-input\":{\"@type\":\"PropertyValueSpecification\",\"valueRequired\":true,\"valueName\":\"search_term_string\"}}],\"inLanguage\":\"hu\"}]}<\/script>\n<!-- \/ Yoast SEO plugin. -->","yoast_head_json":{"title":"M\u00e9dia - Loft Dent","robots":{"index":"index","follow":"follow","max-snippet":"max-snippet:-1","max-image-preview":"max-image-preview:large","max-video-preview":"max-video-preview:-1"},"canonical":"https:\/\/loftdent.hu\/eng\/media\/","og_locale":"hu_HU","og_type":"article","og_title":"M\u00e9dia - Loft Dent","og_url":"https:\/\/loftdent.hu\/eng\/media\/","og_site_name":"Loft Dent","article_modified_time":"2022-06-23T18:07:45+00:00","twitter_card":"summary_large_image","schema":{"@context":"https:\/\/schema.org","@graph":[{"@type":"WebPage","@id":"https:\/\/loftdent.hu\/eng\/media\/","url":"https:\/\/loftdent.hu\/eng\/media\/","name":"M\u00e9dia - Loft Dent","isPartOf":{"@id":"https:\/\/loftdent.hu\/eng\/#website"},"datePublished":"2022-03-28T19:01:54+00:00","dateModified":"2022-06-23T18:07:45+00:00","breadcrumb":{"@id":"https:\/\/loftdent.hu\/eng\/media\/#breadcrumb"},"inLanguage":"hu","potentialAction":[{"@type":"ReadAction","target":["https:\/\/loftdent.hu\/eng\/media\/"]}]},{"@type":"BreadcrumbList","@id":"https:\/\/loftdent.hu\/eng\/media\/#breadcrumb","itemListElement":[{"@type":"ListItem","position":1,"name":"Kezd\u0151lap","item":"https:\/\/loftdent.hu\/eng\/"},{"@type":"ListItem","position":2,"name":"M\u00e9dia"}]},{"@type":"WebSite","@id":"https:\/\/loftdent.hu\/eng\/#website","url":"https:\/\/loftdent.hu\/eng\/","name":"Loft Dent","description":"exkluz\u00edv mag\u00e1nfog\u00e1szat","potentialAction":[{"@type":"SearchAction","target":{"@type":"EntryPoint","urlTemplate":"https:\/\/loftdent.hu\/eng\/?s={search_term_string}"},"query-input":{"@type":"PropertyValueSpecification","valueRequired":true,"valueName":"search_term_string"}}],"inLanguage":"hu"}]}},"_links":{"self":[{"href":"https:\/\/loftdent.hu\/eng\/wp-json\/wp\/v2\/pages\/439","targetHints":{"allow":["GET"]}}],"collection":[{"href":"https:\/\/loftdent.hu\/eng\/wp-json\/wp\/v2\/pages"}],"about":[{"href":"https:\/\/loftdent.hu\/eng\/wp-json\/wp\/v2\/types\/page"}],"author":[{"embeddable":true,"href":"https:\/\/loftdent.hu\/eng\/wp-json\/wp\/v2\/users\/1"}],"replies":[{"embeddable":true,"href":"https:\/\/loftdent.hu\/eng\/wp-json\/wp\/v2\/comments?post=439"}],"version-history":[{"count":8,"href":"https:\/\/loftdent.hu\/eng\/wp-json\/wp\/v2\/pages\/439\/revisions"}],"predecessor-version":[{"id":632,"href":"https:\/\/loftdent.hu\/eng\/wp-json\/wp\/v2\/pages\/439\/revisions\/632"}],"wp:attachment":[{"href":"https:\/\/loftdent.hu\/eng\/wp-json\/wp\/v2\/media?parent=439"}],"curies":[{"name":"wp","href":"https:\/\/api.w.org\/{rel}","templated":true}]}}