{"id":329,"date":"2020-11-30T14:14:26","date_gmt":"2020-11-30T14:14:26","guid":{"rendered":"https:\/\/loftdent.hu\/eng\/?page_id=329"},"modified":"2022-06-20T13:26:46","modified_gmt":"2022-06-20T13:26:46","slug":"garancia","status":"publish","type":"page","link":"https:\/\/loftdent.hu\/eng\/garancia\/","title":{"rendered":"Garancia"},"content":{"rendered":"\n\t<div class=\"img has-hover x md-x lg-x y md-y lg-y\" id=\"image_2127818660\">\n\t\t\t\t\t\t\t\t<div class=\"img-inner dark\" >\n\t\t\t<img loading=\"lazy\" decoding=\"async\" width=\"1760\" height=\"1119\" src=\"https:\/\/loftdent.hu\/eng\/wp-content\/uploads\/2022\/03\/IMG_5027-1b.jpg\" class=\"attachment-original size-original\" alt=\"\" srcset=\"https:\/\/loftdent.hu\/eng\/wp-content\/uploads\/2022\/03\/IMG_5027-1b.jpg 1760w, https:\/\/loftdent.hu\/eng\/wp-content\/uploads\/2022\/03\/IMG_5027-1b-300x191.jpg 300w, https:\/\/loftdent.hu\/eng\/wp-content\/uploads\/2022\/03\/IMG_5027-1b-1024x651.jpg 1024w, https:\/\/loftdent.hu\/eng\/wp-content\/uploads\/2022\/03\/IMG_5027-1b-768x488.jpg 768w, https:\/\/loftdent.hu\/eng\/wp-content\/uploads\/2022\/03\/IMG_5027-1b-1536x977.jpg 1536w, https:\/\/loftdent.hu\/eng\/wp-content\/uploads\/2022\/03\/IMG_5027-1b-600x381.jpg 600w\" sizes=\"auto, (max-width: 1760px) 100vw, 1760px\" \/>\t\t\t\t\t\t\t<div class=\"overlay\" style=\"background-color: rgba(255, 255, 255, 0.2)\"><\/div>\n\t\t\t\t\t\t\n\t\t\t\t\t<\/div>\n\t\t\t\t\t\t\t\t\n<style>\n#image_2127818660 {\n  width: 100%;\n}\n<\/style>\n\t<\/div>\n\t\n\n\t<section class=\"section\" id=\"section_1144349797\">\n\t\t<div class=\"bg section-bg fill bg-fill  bg-loaded\" >\n\n\t\t\t\n\t\t\t\n\t\t\t\n\n\t\t<\/div>\n\n\t\t<div class=\"section-content relative\">\n\t\t\t\n\n<div class=\"row\"  id=\"row-1294511347\">\n\n\n\t<div id=\"col-185968662\" class=\"col small-12 large-12\"  >\n\t\t<div class=\"col-inner\"  >\n\t\t\t\n\t\t\t\n\n<p>Treatments under guarantee are provided free of charge.<\/p>\n<p>We offer the following warranty period of the dental restoration work, dental products:<\/p>\n<p>AESTHETIC FILLINGS &#8211; 1 year<\/p>\n<p>FIXED DENTAL RESTORATION WORKS (INLAY or ONLAY, CROWN &amp; BRIDGE &#8211; 3 years<\/p>\n<p>REMOVABLE PROSTHODONTICS (PARTIAL OR COMPLETE) &#8211; 1 year<\/p>\n<p>DENTAL IMPLANT (ONLY THE PRODUCT) &#8211; 5 years *<\/p>\n<p>Terms and conditions for the validity of the warranty is that you:<\/p>\n<p>&#8211; Appear at our clinic once a year after the treatment: control examinations, regular check ups<br \/>&#8211; Follow the clinical guidelines\/care protocol prescribed by your dentist<br \/>&#8211; Undergo once a year, at the control examination an oral hygiene treatment at our clinic.<br \/>&#8211; Use the dental restoration work as intended, expose it only to physiological chewing force that does not lead to overloading of the dental work<br \/>&#8211; Protect your dental work, dentition\/jaws, don&#8217;t expose it to trauma.<br \/>&#8211; Settle the financial requirements, you don\u2019t have any unpaid invoice at our dentistry<br \/>&#8211; Announce, report us the damage or defect of the dental work within 3 days after discovering that<br \/>-The basic condition of the guarantee is that the dental work in question was carried out in our clinic<\/p>\n<p>The warranty is void in the following cases:<\/p>\n<p>&#8211; The patient does not follow the clinical guidelines\/care protocol prescribed by the dentist<br \/>&#8211; Smoking invalidates the guarantee<br \/>&#8211; Improper use of dental prosthesis (restoration work)<br \/>&#8211; Failure to take the prescribed annual dental appointment<br \/>&#8211; Grinding of teeth, anorexia, bulimia, malnutrition<br \/>&#8211; Mechanical damage to the denture\/fixed restoration work (falling, martial arts) damage caused by chemicals,<br \/>&#8211; Disease, illness concerning the jaws, teeth, mouth or chewing ability, treatment of systemic, infectious and tumorous diseases<br \/>&#8211; If our dental work was affected outside our clinic (by someone else)<br \/>&#8211; In the case of a porcelain veneer: tension of the veneer<br \/>&#8211; The dental night guard\/retainer recommended by your dentist is not worn (properly), the patient cannot present it<\/p>\n<p>* We cannot guarantee the so called osseointegration (integration into the patient&#8217;s jaw).<\/p>\n\n\t\t<\/div>\n\t\t\t<\/div>\n\n\t\n\n<\/div>\n\n\t\t<\/div>\n\n\t\t\n<style>\n#section_1144349797 {\n  padding-top: 30px;\n  padding-bottom: 30px;\n}\n<\/style>\n\t<\/section>\n\t\n\n","protected":false},"excerpt":{"rendered":"","protected":false},"author":1,"featured_media":0,"parent":0,"menu_order":0,"comment_status":"closed","ping_status":"closed","template":"page-transparent-header.php","meta":{"footnotes":""},"class_list":["post-329","page","type-page","status-publish","hentry"],"yoast_head":"<!-- This site is optimized with the Yoast SEO plugin v26.7 - https:\/\/yoast.com\/wordpress\/plugins\/seo\/ -->\n<title>Garancia - Loft Dent<\/title>\n<meta name=\"robots\" content=\"index, follow, max-snippet:-1, max-image-preview:large, max-video-preview:-1\" \/>\n<link rel=\"canonical\" href=\"https:\/\/loftdent.hu\/eng\/garancia\/\" \/>\n<meta property=\"og:locale\" content=\"hu_HU\" \/>\n<meta property=\"og:type\" content=\"article\" \/>\n<meta property=\"og:title\" content=\"Garancia - Loft Dent\" \/>\n<meta property=\"og:url\" content=\"https:\/\/loftdent.hu\/eng\/garancia\/\" \/>\n<meta property=\"og:site_name\" content=\"Loft Dent\" \/>\n<meta property=\"article:modified_time\" content=\"2022-06-20T13:26:46+00:00\" \/>\n<meta name=\"twitter:card\" content=\"summary_large_image\" \/>\n<meta name=\"twitter:label1\" content=\"Becs\u00fclt olvas\u00e1si id\u0151\" \/>\n\t<meta name=\"twitter:data1\" content=\"2 perc\" \/>\n<script type=\"application\/ld+json\" class=\"yoast-schema-graph\">{\"@context\":\"https:\/\/schema.org\",\"@graph\":[{\"@type\":\"WebPage\",\"@id\":\"https:\/\/loftdent.hu\/eng\/garancia\/\",\"url\":\"https:\/\/loftdent.hu\/eng\/garancia\/\",\"name\":\"Garancia - Loft Dent\",\"isPartOf\":{\"@id\":\"https:\/\/loftdent.hu\/eng\/#website\"},\"datePublished\":\"2020-11-30T14:14:26+00:00\",\"dateModified\":\"2022-06-20T13:26:46+00:00\",\"breadcrumb\":{\"@id\":\"https:\/\/loftdent.hu\/eng\/garancia\/#breadcrumb\"},\"inLanguage\":\"hu\",\"potentialAction\":[{\"@type\":\"ReadAction\",\"target\":[\"https:\/\/loftdent.hu\/eng\/garancia\/\"]}]},{\"@type\":\"BreadcrumbList\",\"@id\":\"https:\/\/loftdent.hu\/eng\/garancia\/#breadcrumb\",\"itemListElement\":[{\"@type\":\"ListItem\",\"position\":1,\"name\":\"Kezd\u0151lap\",\"item\":\"https:\/\/loftdent.hu\/eng\/\"},{\"@type\":\"ListItem\",\"position\":2,\"name\":\"Garancia\"}]},{\"@type\":\"WebSite\",\"@id\":\"https:\/\/loftdent.hu\/eng\/#website\",\"url\":\"https:\/\/loftdent.hu\/eng\/\",\"name\":\"Loft Dent\",\"description\":\"exkluz\u00edv mag\u00e1nfog\u00e1szat\",\"potentialAction\":[{\"@type\":\"SearchAction\",\"target\":{\"@type\":\"EntryPoint\",\"urlTemplate\":\"https:\/\/loftdent.hu\/eng\/?s={search_term_string}\"},\"query-input\":{\"@type\":\"PropertyValueSpecification\",\"valueRequired\":true,\"valueName\":\"search_term_string\"}}],\"inLanguage\":\"hu\"}]}<\/script>\n<!-- \/ Yoast SEO plugin. -->","yoast_head_json":{"title":"Garancia - Loft Dent","robots":{"index":"index","follow":"follow","max-snippet":"max-snippet:-1","max-image-preview":"max-image-preview:large","max-video-preview":"max-video-preview:-1"},"canonical":"https:\/\/loftdent.hu\/eng\/garancia\/","og_locale":"hu_HU","og_type":"article","og_title":"Garancia - Loft Dent","og_url":"https:\/\/loftdent.hu\/eng\/garancia\/","og_site_name":"Loft Dent","article_modified_time":"2022-06-20T13:26:46+00:00","twitter_card":"summary_large_image","twitter_misc":{"Becs\u00fclt olvas\u00e1si id\u0151":"2 perc"},"schema":{"@context":"https:\/\/schema.org","@graph":[{"@type":"WebPage","@id":"https:\/\/loftdent.hu\/eng\/garancia\/","url":"https:\/\/loftdent.hu\/eng\/garancia\/","name":"Garancia - Loft Dent","isPartOf":{"@id":"https:\/\/loftdent.hu\/eng\/#website"},"datePublished":"2020-11-30T14:14:26+00:00","dateModified":"2022-06-20T13:26:46+00:00","breadcrumb":{"@id":"https:\/\/loftdent.hu\/eng\/garancia\/#breadcrumb"},"inLanguage":"hu","potentialAction":[{"@type":"ReadAction","target":["https:\/\/loftdent.hu\/eng\/garancia\/"]}]},{"@type":"BreadcrumbList","@id":"https:\/\/loftdent.hu\/eng\/garancia\/#breadcrumb","itemListElement":[{"@type":"ListItem","position":1,"name":"Kezd\u0151lap","item":"https:\/\/loftdent.hu\/eng\/"},{"@type":"ListItem","position":2,"name":"Garancia"}]},{"@type":"WebSite","@id":"https:\/\/loftdent.hu\/eng\/#website","url":"https:\/\/loftdent.hu\/eng\/","name":"Loft Dent","description":"exkluz\u00edv mag\u00e1nfog\u00e1szat","potentialAction":[{"@type":"SearchAction","target":{"@type":"EntryPoint","urlTemplate":"https:\/\/loftdent.hu\/eng\/?s={search_term_string}"},"query-input":{"@type":"PropertyValueSpecification","valueRequired":true,"valueName":"search_term_string"}}],"inLanguage":"hu"}]}},"_links":{"self":[{"href":"https:\/\/loftdent.hu\/eng\/wp-json\/wp\/v2\/pages\/329","targetHints":{"allow":["GET"]}}],"collection":[{"href":"https:\/\/loftdent.hu\/eng\/wp-json\/wp\/v2\/pages"}],"about":[{"href":"https:\/\/loftdent.hu\/eng\/wp-json\/wp\/v2\/types\/page"}],"author":[{"embeddable":true,"href":"https:\/\/loftdent.hu\/eng\/wp-json\/wp\/v2\/users\/1"}],"replies":[{"embeddable":true,"href":"https:\/\/loftdent.hu\/eng\/wp-json\/wp\/v2\/comments?post=329"}],"version-history":[{"count":6,"href":"https:\/\/loftdent.hu\/eng\/wp-json\/wp\/v2\/pages\/329\/revisions"}],"predecessor-version":[{"id":626,"href":"https:\/\/loftdent.hu\/eng\/wp-json\/wp\/v2\/pages\/329\/revisions\/626"}],"wp:attachment":[{"href":"https:\/\/loftdent.hu\/eng\/wp-json\/wp\/v2\/media?parent=329"}],"curies":[{"name":"wp","href":"https:\/\/api.w.org\/{rel}","templated":true}]}}