{"id":304,"date":"2020-11-29T17:36:54","date_gmt":"2020-11-29T17:36:54","guid":{"rendered":"https:\/\/loftdent.hu\/eng\/?page_id=304"},"modified":"2025-03-12T20:44:04","modified_gmt":"2025-03-12T20:44:04","slug":"rolunk-loft-dent-fogaszat-budapest","status":"publish","type":"page","link":"https:\/\/loftdent.hu\/eng\/rolunk-loft-dent-fogaszat-budapest\/","title":{"rendered":"R\u00f3lunk"},"content":{"rendered":"\n\t<div class=\"img has-hover x md-x lg-x y md-y lg-y\" id=\"image_1545217547\">\n\t\t\t\t\t\t\t\t<div class=\"img-inner image-cover dark\" style=\"padding-top:700px;\">\n\t\t\t<img loading=\"lazy\" decoding=\"async\" width=\"1760\" height=\"1119\" src=\"https:\/\/loftdent.hu\/eng\/wp-content\/uploads\/2022\/03\/IMG_5027-1b.jpg\" class=\"attachment-original size-original\" alt=\"\" srcset=\"https:\/\/loftdent.hu\/eng\/wp-content\/uploads\/2022\/03\/IMG_5027-1b.jpg 1760w, https:\/\/loftdent.hu\/eng\/wp-content\/uploads\/2022\/03\/IMG_5027-1b-300x191.jpg 300w, https:\/\/loftdent.hu\/eng\/wp-content\/uploads\/2022\/03\/IMG_5027-1b-1024x651.jpg 1024w, https:\/\/loftdent.hu\/eng\/wp-content\/uploads\/2022\/03\/IMG_5027-1b-768x488.jpg 768w, https:\/\/loftdent.hu\/eng\/wp-content\/uploads\/2022\/03\/IMG_5027-1b-1536x977.jpg 1536w, https:\/\/loftdent.hu\/eng\/wp-content\/uploads\/2022\/03\/IMG_5027-1b-600x381.jpg 600w\" sizes=\"auto, (max-width: 1760px) 100vw, 1760px\" \/>\t\t\t\t\t\t\t<div class=\"overlay\" style=\"background-color: rgba(255, 255, 255, 0.55)\"><\/div>\n\t\t\t\t\t\t\n\t\t\t\t\t<\/div>\n\t\t\t\t\t\t\t\t\n<style>\n#image_1545217547 {\n  width: 100%;\n}\n<\/style>\n\t<\/div>\n\t\n\n\t<section class=\"section\" id=\"section_1828234350\">\n\t\t<div class=\"bg section-bg fill bg-fill  bg-loaded\" >\n\n\t\t\t\n\t\t\t\n\t\t\t\n\n\t\t<\/div>\n\n\t\t<div class=\"section-content relative\">\n\t\t\t\n\n<div class=\"row\"  id=\"row-45503113\">\n\n\n\t<div id=\"col-1355418437\" class=\"col small-12 large-12\"  >\n\t\t<div class=\"col-inner\"  >\n\t\t\t\n\t\t\t\n\n<div class=\"row\"  id=\"row-994493332\">\n\n\n\t<div id=\"col-792432398\" class=\"col medium-5 small-12 large-5\"  >\n\t\t<div class=\"col-inner\"  >\n\t\t\t\n\t\t\t\n\n<p><a href=\"#xaver\"><img loading=\"lazy\" decoding=\"async\" class=\"alignnone size-full wp-image-650\" src=\"https:\/\/loftdent.hu\/eng\/wp-content\/uploads\/2022\/07\/rolunk-xaver-eng.png\" alt=\"\" width=\"500\" height=\"500\" srcset=\"https:\/\/loftdent.hu\/eng\/wp-content\/uploads\/2022\/07\/rolunk-xaver-eng.png 500w, https:\/\/loftdent.hu\/eng\/wp-content\/uploads\/2022\/07\/rolunk-xaver-eng-300x300.png 300w, https:\/\/loftdent.hu\/eng\/wp-content\/uploads\/2022\/07\/rolunk-xaver-eng-150x150.png 150w, https:\/\/loftdent.hu\/eng\/wp-content\/uploads\/2022\/07\/rolunk-xaver-eng-100x100.png 100w\" sizes=\"auto, (max-width: 500px) 100vw, 500px\" \/><\/a><\/p>\n\n\t\t<\/div>\n\t\t\t<\/div>\n\n\t\n\n\t<div id=\"col-199931811\" class=\"col medium-5 small-12 large-5\"  >\n\t\t<div class=\"col-inner\"  >\n\t\t\t\n\t\t\t\n\n<p><img loading=\"lazy\" decoding=\"async\" class=\"alignnone size-full wp-image-653\" src=\"https:\/\/loftdent.hu\/eng\/wp-content\/uploads\/2022\/07\/rolunk-nori-eng.png\" alt=\"\" width=\"500\" height=\"500\" srcset=\"https:\/\/loftdent.hu\/eng\/wp-content\/uploads\/2022\/07\/rolunk-nori-eng.png 500w, https:\/\/loftdent.hu\/eng\/wp-content\/uploads\/2022\/07\/rolunk-nori-eng-300x300.png 300w, https:\/\/loftdent.hu\/eng\/wp-content\/uploads\/2022\/07\/rolunk-nori-eng-150x150.png 150w, https:\/\/loftdent.hu\/eng\/wp-content\/uploads\/2022\/07\/rolunk-nori-eng-100x100.png 100w\" sizes=\"auto, (max-width: 500px) 100vw, 500px\" \/><\/p>\n\n\t\t<\/div>\n\t\t\t<\/div>\n\n\t\n\n<\/div>\n<div class=\"row\"  id=\"row-1844565405\">\n\n\n\t<div id=\"col-1427900400\" class=\"col medium-5 small-12 large-5\"  >\n\t\t<div class=\"col-inner\"  >\n\t\t\t\n\t\t\t\n\n<p><img loading=\"lazy\" decoding=\"async\" class=\"alignnone size-full wp-image-654\" src=\"https:\/\/loftdent.hu\/eng\/wp-content\/uploads\/2022\/07\/rolunk-greta-eng.png\" alt=\"\" width=\"500\" height=\"500\" srcset=\"https:\/\/loftdent.hu\/eng\/wp-content\/uploads\/2022\/07\/rolunk-greta-eng.png 500w, https:\/\/loftdent.hu\/eng\/wp-content\/uploads\/2022\/07\/rolunk-greta-eng-300x300.png 300w, https:\/\/loftdent.hu\/eng\/wp-content\/uploads\/2022\/07\/rolunk-greta-eng-150x150.png 150w, https:\/\/loftdent.hu\/eng\/wp-content\/uploads\/2022\/07\/rolunk-greta-eng-100x100.png 100w\" sizes=\"auto, (max-width: 500px) 100vw, 500px\" \/><\/p>\n\n\t\t<\/div>\n\t\t\t<\/div>\n\n\t\n\n\t<div id=\"col-627785828\" class=\"col medium-5 small-12 large-5\"  >\n\t\t<div class=\"col-inner\"  >\n\t\t\t\n\t\t\t\n\n<p><img loading=\"lazy\" decoding=\"async\" class=\"alignnone size-full wp-image-655\" src=\"https:\/\/loftdent.hu\/eng\/wp-content\/uploads\/2022\/07\/rolunk-zsanett-eng.png\" alt=\"\" width=\"500\" height=\"500\" srcset=\"https:\/\/loftdent.hu\/eng\/wp-content\/uploads\/2022\/07\/rolunk-zsanett-eng.png 500w, https:\/\/loftdent.hu\/eng\/wp-content\/uploads\/2022\/07\/rolunk-zsanett-eng-300x300.png 300w, https:\/\/loftdent.hu\/eng\/wp-content\/uploads\/2022\/07\/rolunk-zsanett-eng-150x150.png 150w, https:\/\/loftdent.hu\/eng\/wp-content\/uploads\/2022\/07\/rolunk-zsanett-eng-100x100.png 100w\" sizes=\"auto, (max-width: 500px) 100vw, 500px\" \/><\/p>\n\n\t\t<\/div>\n\t\t\t<\/div>\n\n\t\n\n<\/div>\n\n\t\t<\/div>\n\t\t\t<\/div>\n\n\t\n\n<\/div>\n\n\t\t<\/div>\n\n\t\t\n<style>\n#section_1828234350 {\n  padding-top: 30px;\n  padding-bottom: 30px;\n}\n<\/style>\n\t<\/section>\n\t\n\t<div class=\"img has-hover x md-x lg-x y md-y lg-y\" id=\"image_109161981\">\n\t\t\t\t\t\t\t\t<div class=\"img-inner dark\" >\n\t\t\t<img loading=\"lazy\" decoding=\"async\" width=\"2560\" height=\"1690\" src=\"https:\/\/loftdent.hu\/eng\/wp-content\/uploads\/2022\/04\/loft-dent-xaver-2022c2small-scaled.jpg\" class=\"attachment-original size-original\" alt=\"\" srcset=\"https:\/\/loftdent.hu\/eng\/wp-content\/uploads\/2022\/04\/loft-dent-xaver-2022c2small-scaled.jpg 2560w, https:\/\/loftdent.hu\/eng\/wp-content\/uploads\/2022\/04\/loft-dent-xaver-2022c2small-300x198.jpg 300w, https:\/\/loftdent.hu\/eng\/wp-content\/uploads\/2022\/04\/loft-dent-xaver-2022c2small-1024x676.jpg 1024w, https:\/\/loftdent.hu\/eng\/wp-content\/uploads\/2022\/04\/loft-dent-xaver-2022c2small-768x507.jpg 768w, https:\/\/loftdent.hu\/eng\/wp-content\/uploads\/2022\/04\/loft-dent-xaver-2022c2small-1536x1014.jpg 1536w, https:\/\/loftdent.hu\/eng\/wp-content\/uploads\/2022\/04\/loft-dent-xaver-2022c2small-2048x1352.jpg 2048w, https:\/\/loftdent.hu\/eng\/wp-content\/uploads\/2022\/04\/loft-dent-xaver-2022c2small-600x396.jpg 600w\" sizes=\"auto, (max-width: 2560px) 100vw, 2560px\" \/>\t\t\t\t\t\t\n\t\t\t\t\t<\/div>\n\t\t\t\t\t\t\t\t\n<style>\n#image_109161981 {\n  width: 100%;\n}\n<\/style>\n\t<\/div>\n\t\n\n\t<section class=\"section\" id=\"section_375753758\">\n\t\t<div class=\"bg section-bg fill bg-fill  bg-loaded\" >\n\n\t\t\t\n\t\t\t\n\t\t\t\n\n\t\t<\/div>\n\n\t\t<div class=\"section-content relative\">\n\t\t\t\n\n<div class=\"row\"  id=\"row-1161774363\">\n\n\n\t<div id=\"col-1903449196\" class=\"col small-12 large-12\"  >\n\t\t<div class=\"col-inner\"  >\n\t\t\t\n\t\t\t\n\n<h2 id=\"xaver\" style=\"text-align: center;\">Dr. Xav\u00e9r Imre Kocsis D.M.D\/D.D.S \u2013 dentist, Loft Dent Dental Surgery<\/h2>\n<p>In 2010 I graduated from the Faculty of Dentistry of the University of Debrecen. I\u2019ve started my career at B\u00e1torfi Dental Clinic, which I consider to be my real alma mater. I believe that the work experience collected there has placed the cornerstones of the professional dental knowledge, the attitude of perfectionism. I was able to gain experience in both domestic and foreign patient care, as B\u00e1torfi Dental has been playing a leading role in international dental care, dental tourism. The main target country was the U.K., so I had the opportunity to develop my language skills (English) as well. 2 years later I joined the dental team of Kreativ Dental, where I had been treating mostly foreign patients from all over the world. We had to perform complete oral rehabilitations, full mouth restorations within a relative short time period, strict deadlines, but the speed never compromised the quality of the result. I learned to work under pressure, rapidly and effective. Being a member of a team of 12 different dental specialists, I was able to see the daily operation of a big clinic, participate at many meetings, \u201cconsiliums\u201d and certainly I could learn from the top professionals. Oral surgery, implant placement, prosthetics, endodontics etc. In 2015, I managed to use this knowledge at a dental facility where I had been treating many Norwegian patients.<\/p>\n<p>The idea of having my own dental practice was born in 2018, so I had to look for a place that meets all the requirements I expect from a dental clinic. Over the past 10 years I could collect the appropriate data and experiences in order to find out and establish a unique, top-notch dentistry. I would highlight the quality of the materials, equipment, the easy accessibility and the relatively central location without parking issues. With a panoramic view of the Danube, I could find the perfect place. The construction started in March 2020, and during that I took into account all the experiences (advantages, mistakes) I have been perceived during my tenure. Aesthetics and hygiene were the main aspects together with the comfort of the patients. Priority: We offer and render premium services. It is obvious that many people are afraid of a dentist\u2019s chair, so we try to make the time the patient has to spend there as comfortable and convenient as possible.<\/p>\n\n\t\t<\/div>\n\t\t\t<\/div>\n\n\t\n\n<\/div>\n\n\t\t<\/div>\n\n\t\t\n<style>\n#section_375753758 {\n  padding-top: 30px;\n  padding-bottom: 30px;\n}\n<\/style>\n\t<\/section>\n\t\n\n","protected":false},"excerpt":{"rendered":"","protected":false},"author":1,"featured_media":0,"parent":0,"menu_order":0,"comment_status":"closed","ping_status":"closed","template":"page-transparent-header.php","meta":{"footnotes":""},"class_list":["post-304","page","type-page","status-publish","hentry"],"yoast_head":"<!-- This site is optimized with the Yoast SEO plugin v26.7 - https:\/\/yoast.com\/wordpress\/plugins\/seo\/ -->\n<title>R\u00f3lunk - Loft Dent exkluz\u00edv fog\u00e1szat, Budapest - Dr. Kocsis Xav\u00e9r fogorvos<\/title>\n<meta name=\"description\" content=\"Loft Dent Fog\u00e1szat, Dr. Kocsis Xav\u00e9r, fog\u00e1sz, fogorvos, exkluz\u00edv fog\u00e1szat, fogorvosi rendel\u0151, dental clinic\" \/>\n<meta name=\"robots\" content=\"index, follow, max-snippet:-1, max-image-preview:large, max-video-preview:-1\" \/>\n<link rel=\"canonical\" href=\"https:\/\/loftdent.hu\/eng\/rolunk-loft-dent-fogaszat-budapest\/\" \/>\n<meta property=\"og:locale\" content=\"hu_HU\" \/>\n<meta property=\"og:type\" content=\"article\" \/>\n<meta property=\"og:title\" content=\"R\u00f3lunk - Loft Dent exkluz\u00edv fog\u00e1szat, Budapest - Dr. Kocsis Xav\u00e9r fogorvos\" \/>\n<meta property=\"og:description\" content=\"Loft Dent Fog\u00e1szat, Dr. Kocsis Xav\u00e9r, fog\u00e1sz, fogorvos, exkluz\u00edv fog\u00e1szat, fogorvosi rendel\u0151, dental clinic\" \/>\n<meta property=\"og:url\" content=\"https:\/\/loftdent.hu\/eng\/rolunk-loft-dent-fogaszat-budapest\/\" \/>\n<meta property=\"og:site_name\" content=\"Loft Dent\" \/>\n<meta property=\"article:modified_time\" content=\"2025-03-12T20:44:04+00:00\" \/>\n<meta property=\"og:image\" content=\"https:\/\/loftdent.hu\/eng\/wp-content\/uploads\/2022\/07\/rolunk-xaver-eng.png\" \/>\n<meta name=\"twitter:card\" content=\"summary_large_image\" \/>\n<meta name=\"twitter:label1\" content=\"Becs\u00fclt olvas\u00e1si id\u0151\" \/>\n\t<meta name=\"twitter:data1\" content=\"2 perc\" \/>\n<script type=\"application\/ld+json\" class=\"yoast-schema-graph\">{\"@context\":\"https:\/\/schema.org\",\"@graph\":[{\"@type\":\"WebPage\",\"@id\":\"https:\/\/loftdent.hu\/eng\/rolunk-loft-dent-fogaszat-budapest\/\",\"url\":\"https:\/\/loftdent.hu\/eng\/rolunk-loft-dent-fogaszat-budapest\/\",\"name\":\"R\u00f3lunk - Loft Dent exkluz\u00edv fog\u00e1szat, Budapest - Dr. Kocsis Xav\u00e9r fogorvos\",\"isPartOf\":{\"@id\":\"https:\/\/loftdent.hu\/eng\/#website\"},\"primaryImageOfPage\":{\"@id\":\"https:\/\/loftdent.hu\/eng\/rolunk-loft-dent-fogaszat-budapest\/#primaryimage\"},\"image\":{\"@id\":\"https:\/\/loftdent.hu\/eng\/rolunk-loft-dent-fogaszat-budapest\/#primaryimage\"},\"thumbnailUrl\":\"https:\/\/loftdent.hu\/eng\/wp-content\/uploads\/2022\/07\/rolunk-xaver-eng.png\",\"datePublished\":\"2020-11-29T17:36:54+00:00\",\"dateModified\":\"2025-03-12T20:44:04+00:00\",\"description\":\"Loft Dent Fog\u00e1szat, Dr. Kocsis Xav\u00e9r, fog\u00e1sz, fogorvos, exkluz\u00edv fog\u00e1szat, fogorvosi rendel\u0151, dental clinic\",\"breadcrumb\":{\"@id\":\"https:\/\/loftdent.hu\/eng\/rolunk-loft-dent-fogaszat-budapest\/#breadcrumb\"},\"inLanguage\":\"hu\",\"potentialAction\":[{\"@type\":\"ReadAction\",\"target\":[\"https:\/\/loftdent.hu\/eng\/rolunk-loft-dent-fogaszat-budapest\/\"]}]},{\"@type\":\"ImageObject\",\"inLanguage\":\"hu\",\"@id\":\"https:\/\/loftdent.hu\/eng\/rolunk-loft-dent-fogaszat-budapest\/#primaryimage\",\"url\":\"https:\/\/loftdent.hu\/eng\/wp-content\/uploads\/2022\/07\/rolunk-xaver-eng.png\",\"contentUrl\":\"https:\/\/loftdent.hu\/eng\/wp-content\/uploads\/2022\/07\/rolunk-xaver-eng.png\",\"width\":500,\"height\":500},{\"@type\":\"BreadcrumbList\",\"@id\":\"https:\/\/loftdent.hu\/eng\/rolunk-loft-dent-fogaszat-budapest\/#breadcrumb\",\"itemListElement\":[{\"@type\":\"ListItem\",\"position\":1,\"name\":\"Kezd\u0151lap\",\"item\":\"https:\/\/loftdent.hu\/eng\/\"},{\"@type\":\"ListItem\",\"position\":2,\"name\":\"R\u00f3lunk\"}]},{\"@type\":\"WebSite\",\"@id\":\"https:\/\/loftdent.hu\/eng\/#website\",\"url\":\"https:\/\/loftdent.hu\/eng\/\",\"name\":\"Loft Dent\",\"description\":\"exkluz\u00edv mag\u00e1nfog\u00e1szat\",\"potentialAction\":[{\"@type\":\"SearchAction\",\"target\":{\"@type\":\"EntryPoint\",\"urlTemplate\":\"https:\/\/loftdent.hu\/eng\/?s={search_term_string}\"},\"query-input\":{\"@type\":\"PropertyValueSpecification\",\"valueRequired\":true,\"valueName\":\"search_term_string\"}}],\"inLanguage\":\"hu\"}]}<\/script>\n<!-- \/ Yoast SEO plugin. -->","yoast_head_json":{"title":"R\u00f3lunk - Loft Dent exkluz\u00edv fog\u00e1szat, Budapest - Dr. Kocsis Xav\u00e9r fogorvos","description":"Loft Dent Fog\u00e1szat, Dr. Kocsis Xav\u00e9r, fog\u00e1sz, fogorvos, exkluz\u00edv fog\u00e1szat, fogorvosi rendel\u0151, dental clinic","robots":{"index":"index","follow":"follow","max-snippet":"max-snippet:-1","max-image-preview":"max-image-preview:large","max-video-preview":"max-video-preview:-1"},"canonical":"https:\/\/loftdent.hu\/eng\/rolunk-loft-dent-fogaszat-budapest\/","og_locale":"hu_HU","og_type":"article","og_title":"R\u00f3lunk - Loft Dent exkluz\u00edv fog\u00e1szat, Budapest - Dr. Kocsis Xav\u00e9r fogorvos","og_description":"Loft Dent Fog\u00e1szat, Dr. Kocsis Xav\u00e9r, fog\u00e1sz, fogorvos, exkluz\u00edv fog\u00e1szat, fogorvosi rendel\u0151, dental clinic","og_url":"https:\/\/loftdent.hu\/eng\/rolunk-loft-dent-fogaszat-budapest\/","og_site_name":"Loft Dent","article_modified_time":"2025-03-12T20:44:04+00:00","og_image":[{"url":"https:\/\/loftdent.hu\/eng\/wp-content\/uploads\/2022\/07\/rolunk-xaver-eng.png","type":"","width":"","height":""}],"twitter_card":"summary_large_image","twitter_misc":{"Becs\u00fclt olvas\u00e1si id\u0151":"2 perc"},"schema":{"@context":"https:\/\/schema.org","@graph":[{"@type":"WebPage","@id":"https:\/\/loftdent.hu\/eng\/rolunk-loft-dent-fogaszat-budapest\/","url":"https:\/\/loftdent.hu\/eng\/rolunk-loft-dent-fogaszat-budapest\/","name":"R\u00f3lunk - Loft Dent exkluz\u00edv fog\u00e1szat, Budapest - Dr. Kocsis Xav\u00e9r fogorvos","isPartOf":{"@id":"https:\/\/loftdent.hu\/eng\/#website"},"primaryImageOfPage":{"@id":"https:\/\/loftdent.hu\/eng\/rolunk-loft-dent-fogaszat-budapest\/#primaryimage"},"image":{"@id":"https:\/\/loftdent.hu\/eng\/rolunk-loft-dent-fogaszat-budapest\/#primaryimage"},"thumbnailUrl":"https:\/\/loftdent.hu\/eng\/wp-content\/uploads\/2022\/07\/rolunk-xaver-eng.png","datePublished":"2020-11-29T17:36:54+00:00","dateModified":"2025-03-12T20:44:04+00:00","description":"Loft Dent Fog\u00e1szat, Dr. Kocsis Xav\u00e9r, fog\u00e1sz, fogorvos, exkluz\u00edv fog\u00e1szat, fogorvosi rendel\u0151, dental clinic","breadcrumb":{"@id":"https:\/\/loftdent.hu\/eng\/rolunk-loft-dent-fogaszat-budapest\/#breadcrumb"},"inLanguage":"hu","potentialAction":[{"@type":"ReadAction","target":["https:\/\/loftdent.hu\/eng\/rolunk-loft-dent-fogaszat-budapest\/"]}]},{"@type":"ImageObject","inLanguage":"hu","@id":"https:\/\/loftdent.hu\/eng\/rolunk-loft-dent-fogaszat-budapest\/#primaryimage","url":"https:\/\/loftdent.hu\/eng\/wp-content\/uploads\/2022\/07\/rolunk-xaver-eng.png","contentUrl":"https:\/\/loftdent.hu\/eng\/wp-content\/uploads\/2022\/07\/rolunk-xaver-eng.png","width":500,"height":500},{"@type":"BreadcrumbList","@id":"https:\/\/loftdent.hu\/eng\/rolunk-loft-dent-fogaszat-budapest\/#breadcrumb","itemListElement":[{"@type":"ListItem","position":1,"name":"Kezd\u0151lap","item":"https:\/\/loftdent.hu\/eng\/"},{"@type":"ListItem","position":2,"name":"R\u00f3lunk"}]},{"@type":"WebSite","@id":"https:\/\/loftdent.hu\/eng\/#website","url":"https:\/\/loftdent.hu\/eng\/","name":"Loft Dent","description":"exkluz\u00edv mag\u00e1nfog\u00e1szat","potentialAction":[{"@type":"SearchAction","target":{"@type":"EntryPoint","urlTemplate":"https:\/\/loftdent.hu\/eng\/?s={search_term_string}"},"query-input":{"@type":"PropertyValueSpecification","valueRequired":true,"valueName":"search_term_string"}}],"inLanguage":"hu"}]}},"_links":{"self":[{"href":"https:\/\/loftdent.hu\/eng\/wp-json\/wp\/v2\/pages\/304","targetHints":{"allow":["GET"]}}],"collection":[{"href":"https:\/\/loftdent.hu\/eng\/wp-json\/wp\/v2\/pages"}],"about":[{"href":"https:\/\/loftdent.hu\/eng\/wp-json\/wp\/v2\/types\/page"}],"author":[{"embeddable":true,"href":"https:\/\/loftdent.hu\/eng\/wp-json\/wp\/v2\/users\/1"}],"replies":[{"embeddable":true,"href":"https:\/\/loftdent.hu\/eng\/wp-json\/wp\/v2\/comments?post=304"}],"version-history":[{"count":32,"href":"https:\/\/loftdent.hu\/eng\/wp-json\/wp\/v2\/pages\/304\/revisions"}],"predecessor-version":[{"id":690,"href":"https:\/\/loftdent.hu\/eng\/wp-json\/wp\/v2\/pages\/304\/revisions\/690"}],"wp:attachment":[{"href":"https:\/\/loftdent.hu\/eng\/wp-json\/wp\/v2\/media?parent=304"}],"curies":[{"name":"wp","href":"https:\/\/api.w.org\/{rel}","templated":true}]}}