{"id":302,"date":"2020-11-29T17:36:26","date_gmt":"2020-11-29T17:36:26","guid":{"rendered":"https:\/\/loftdent.hu\/eng\/?page_id=302"},"modified":"2026-01-14T05:08:41","modified_gmt":"2026-01-14T05:08:41","slug":"araink","status":"publish","type":"page","link":"https:\/\/loftdent.hu\/eng\/araink\/","title":{"rendered":"\u00c1raink"},"content":{"rendered":"\n\t<div class=\"img has-hover x md-x lg-x y md-y lg-y\" id=\"image_1132172245\">\n\t\t\t\t\t\t\t\t<div class=\"img-inner image-cover dark\" style=\"padding-top:50%;\">\n\t\t\t<img loading=\"lazy\" decoding=\"async\" width=\"2000\" height=\"1523\" src=\"https:\/\/loftdent.hu\/eng\/wp-content\/uploads\/2021\/08\/Dsc00394.jpg\" class=\"attachment-original size-original\" alt=\"\" srcset=\"https:\/\/loftdent.hu\/eng\/wp-content\/uploads\/2021\/08\/Dsc00394.jpg 2000w, https:\/\/loftdent.hu\/eng\/wp-content\/uploads\/2021\/08\/Dsc00394-300x228.jpg 300w, https:\/\/loftdent.hu\/eng\/wp-content\/uploads\/2021\/08\/Dsc00394-1024x780.jpg 1024w, https:\/\/loftdent.hu\/eng\/wp-content\/uploads\/2021\/08\/Dsc00394-768x585.jpg 768w, https:\/\/loftdent.hu\/eng\/wp-content\/uploads\/2021\/08\/Dsc00394-1536x1170.jpg 1536w, https:\/\/loftdent.hu\/eng\/wp-content\/uploads\/2021\/08\/Dsc00394-600x457.jpg 600w\" sizes=\"auto, (max-width: 2000px) 100vw, 2000px\" \/>\t\t\t\t\t\t\t<div class=\"overlay\" style=\"background-color: rgba(255, 255, 255, 0.1)\"><\/div>\n\t\t\t\t\t\t\n\t\t\t\t\t<\/div>\n\t\t\t\t\t\t\t\t\n<style>\n#image_1132172245 {\n  width: 100%;\n}\n<\/style>\n\t<\/div>\n\t\n\n\t<section class=\"section\" id=\"section_1675253570\">\n\t\t<div class=\"bg section-bg fill bg-fill  bg-loaded\" >\n\n\t\t\t\n\t\t\t\n\t\t\t\n\n\t\t<\/div>\n\n\t\t<div class=\"section-content relative\">\n\t\t\t\n\n<div class=\"row\"  id=\"row-1940619920\">\n\n\n\t<div id=\"col-1939062323\" class=\"col small-12 large-12\"  >\n\t\t<div class=\"col-inner\"  >\n\t\t\t\n\t\t\t\n\n<h3><strong>Price list<\/strong><\/h3>\n<table width=\"1050\">\n<tbody>\n<tr>\n<td width=\"634\">\n<p><strong>Diagnostics<\/strong><\/p>\n<\/td>\n<td width=\"410\">\n<p>\u00a0\u20ac<\/p>\n<\/td>\n<\/tr>\n<tr>\n<td width=\"634\">\n<p>Consultation incl. panoramic x-ray\u00a0<\/p>\n<\/td>\n<td width=\"410\">\n<p>50<\/p>\n<\/td>\n<\/tr>\n<tr>\n<td width=\"634\">\n<p>Panoramic (ortho-pantograph) x-ray (digital)<\/p>\n<\/td>\n<td width=\"410\">\n<p>30<\/p>\n<\/td>\n<\/tr>\n<tr>\n<td width=\"634\">\n<p>Expert report (with treatment plan) in English<\/p>\n<\/td>\n<td width=\"410\">\n<p>from 95<\/p>\n<\/td>\n<\/tr>\n<tr>\n<td>\n<p>\u00a0Dental treatment plan<\/p>\n<\/td>\n<td>\n<p>free of charge<\/p>\n<\/td>\n<\/tr>\n<tr>\n<td>\n<p><strong>Dental implants<\/strong><\/p>\n<\/td>\n<td>\n<p>\u00a0<\/p>\n<\/td>\n<\/tr>\n<tr>\n<td width=\"634\">\n<p>Sinus lifting (per side)\u00a0<\/p>\n<\/td>\n<td width=\"410\">\n<p>725<\/p>\n<\/td>\n<\/tr>\n<tr>\n<td width=\"634\">\n<p>Cowellmedi implant<\/p>\n<\/td>\n<td width=\"410\">\n<p>545<\/p>\n<\/td>\n<\/tr>\n<tr>\n<td>\n<p>Healing abutment (screw) insertion\u00a0<\/p>\n<\/td>\n<td>\n<p>65<\/p>\n<\/td>\n<\/tr>\n<tr>\n<td>\n<p>\u00a0<\/p>\n<\/td>\n<td>\n<p>\u00a0<\/p>\n<\/td>\n<\/tr>\n<tr>\n<td>\n<p><strong>Oral surgery<\/strong><\/p>\n<\/td>\n<td>\n<p>\u00a0<\/p>\n<\/td>\n<\/tr>\n<tr>\n<td width=\"634\">\n<p>Tooth extraction<\/p>\n<\/td>\n<td width=\"410\">\n<p>from 80<\/p>\n<\/td>\n<\/tr>\n<tr>\n<td width=\"634\">\n<p>Tooth extraction with surgical excavation<\/p>\n<\/td>\n<td width=\"410\">\n<p>155<\/p>\n<\/td>\n<\/tr>\n<tr>\n<td width=\"634\">\n<p>Wisdom tooth removal<\/p>\n<\/td>\n<td width=\"410\">\n<p>235<\/p>\n<\/td>\n<\/tr>\n<tr>\n<td width=\"634\">\n<p>Resection\/apicoectomy \u2013 front tooth<\/p>\n<\/td>\n<td width=\"410\">\n<p>140<\/p>\n<\/td>\n<\/tr>\n<tr>\n<td width=\"634\">\n<p>Sinus closure<\/p>\n<\/td>\n<td width=\"410\">\n<p>210<\/p>\n<\/td>\n<\/tr>\n<tr>\n<td>\n<p>\u00a0<\/p>\n<\/td>\n<td>\n<p>\u00a0<\/p>\n<\/td>\n<\/tr>\n<tr>\n<td>\n<p><strong>Conservative dental treatments<\/strong><\/p>\n<\/td>\n<td>\n<p>\u00a0<\/p>\n<\/td>\n<\/tr>\n<tr>\n<td width=\"634\">\n<p>Long-term temporary filling \/ stump build-up<\/p>\n<\/td>\n<td width=\"410\">\n<p>30<\/p>\n<\/td>\n<\/tr>\n<tr>\n<td width=\"634\">\n<p>Aesthetic dental filling<\/p>\n<\/td>\n<td width=\"410\">\n<p>80-100<\/p>\n<\/td>\n<\/tr>\n<tr>\n<td width=\"634\">\n<p>Fissure sealing<\/p>\n<\/td>\n<td width=\"410\">\n<p>45<\/p>\n<\/td>\n<\/tr>\n<tr>\n<td width=\"634\">\n<p>Gradia dental inlay<\/p>\n<\/td>\n<td width=\"410\">\n<p>220<\/p>\n<\/td>\n<\/tr>\n<tr>\n<td width=\"634\">\n<p>Ceramic inlay\u00a0<\/p>\n<\/td>\n<td width=\"410\">\n<p>295<\/p>\n<\/td>\n<\/tr>\n<tr>\n<td width=\"634\">\n<p>Porcelain veneer<\/p>\n<\/td>\n<td width=\"410\">\n<p>315<\/p>\n<\/td>\n<\/tr>\n<tr>\n<td>\n<p>\u00a0<\/p>\n<\/td>\n<td>\n<p>\u00a0<\/p>\n<\/td>\n<\/tr>\n<tr>\n<td>\n<p><strong>Prosthodontics<\/strong><\/p>\n<\/td>\n<td>\n<p>\u00a0<\/p>\n<\/td>\n<\/tr>\n<tr>\n<td width=\"634\">\n<p>Cast-metal Post and Core<\/p>\n<\/td>\n<td width=\"410\">\n<p>90<\/p>\n<\/td>\n<\/tr>\n<tr>\n<td width=\"634\">\n<p>Glass-fibre Post and Core<\/p>\n<\/td>\n<td width=\"410\">\n<p>90<\/p>\n<\/td>\n<\/tr>\n<tr>\n<td width=\"634\">\n<p>Stump (tooth core) build-up<\/p>\n<\/td>\n<td width=\"410\">\n<p>50<\/p>\n<\/td>\n<\/tr>\n<tr>\n<td width=\"634\">\n<p>Zirconia crown on a tooth<\/p>\n<\/td>\n<td width=\"410\">\n<p>340<\/p>\n<\/td>\n<\/tr>\n<tr>\n<td width=\"634\">\n<p>Zirconia crown on a dental implant (exclusive implant abutment)<\/p>\n<\/td>\n<td width=\"410\">\n<p>340<\/p>\n<\/td>\n<\/tr>\n<tr>\n<td width=\"634\">\n<p>Implant abutment<\/p>\n<\/td>\n<td width=\"410\">\n<p>185<\/p>\n<\/td>\n<\/tr>\n<tr>\n<td width=\"634\">\n<p>Temporary crown (chairside)<\/p>\n<\/td>\n<td width=\"410\">\n<p>40<\/p>\n<\/td>\n<\/tr>\n<tr>\n<td width=\"634\">\n<p>Temporary crown \u2013 dental laboratory made CAD-CAM<\/p>\n<\/td>\n<td width=\"410\">\n<p>55<\/p>\n<\/td>\n<\/tr>\n<tr>\n<td width=\"634\">\n<p>Crown removal, Bridge cut-off per unit<\/p>\n<\/td>\n<td width=\"410\">\n<p>15<\/p>\n<\/td>\n<\/tr>\n<tr>\n<td width=\"634\">\n<p>Temporary partial denture with clips (1-4 units)<\/p>\n<\/td>\n<td width=\"410\">\n<p>195<\/p>\n<\/td>\n<\/tr>\n<tr>\n<td width=\"634\">\n<p>Temporary denture with clips (more than 4 units or full)<\/p>\n<\/td>\n<td width=\"410\">\n<p>310<\/p>\n<\/td>\n<\/tr>\n<tr>\n<td width=\"634\">\n<p>Flexible (DEFLEX) temporary removable denture (per arch)<\/p>\n<\/td>\n<td width=\"410\">\n<p>650<\/p>\n<\/td>\n<\/tr>\n<tr>\n<td width=\"634\">\n<p>Flexible (DEFLEX) removable denture (per arch)<\/p>\n<\/td>\n<td width=\"410\">\n<p>650<\/p>\n<\/td>\n<\/tr>\n<tr>\n<td width=\"634\">\n<p>Complete removable denture anchored on 4 dental implants (excluding the implants and the implant abutments)<\/p>\n<\/td>\n<td width=\"410\">\n<p>1765<\/p>\n<\/td>\n<\/tr>\n<tr>\n<td width=\"634\">\n<p>Dental Night Guard<\/p>\n<\/td>\n<td width=\"410\">\n<p>80<\/p>\n<\/td>\n<\/tr>\n<tr>\n<td width=\"634\">\n<p>Denture reline<\/p>\n<\/td>\n<td width=\"410\">\n<p>80<\/p>\n<\/td>\n<\/tr>\n<tr>\n<td width=\"634\">\n<p>Mouthguard (for sport activities)<\/p>\n<\/td>\n<td width=\"410\">\n<p>250<\/p>\n<\/td>\n<\/tr>\n<tr>\n<td width=\"634\">\n<p>Wax-up, mock-up model per tooth<\/p>\n<\/td>\n<td width=\"410\">\n<p>50<\/p>\n<\/td>\n<\/tr>\n<tr>\n<td>\n<p>\u00a0<\/p>\n<\/td>\n<td>\n<p>\u00a0<\/p>\n<\/td>\n<\/tr>\n<tr>\n<td>\n<p><strong>Dental hygienic and cosmetic treatments<\/strong><\/p>\n<\/td>\n<td>\n<p>\u00a0<\/p>\n<\/td>\n<\/tr>\n<tr>\n<td width=\"634\">\n<p>Professional dental hygienic treatment, cleaning (per arch)<\/p>\n<\/td>\n<td width=\"410\">\n<p>55<\/p>\n<\/td>\n<\/tr>\n<tr>\n<td width=\"634\">\n<p>Professional tooth whitening (bleaching) full mouth<\/p>\n<\/td>\n<td width=\"410\">\n<p>265<\/p>\n<\/td>\n<\/tr>\n<\/tbody>\n<\/table>\n<p>All the above prices listed in euros and contain VAT or VAT free services<\/p>\n<p>\u00a0<\/p>\n\n\t\t<\/div>\n\t\t\t<\/div>\n\n\t\n\n<\/div>\n\n\t\t<\/div>\n\n\t\t\n<style>\n#section_1675253570 {\n  padding-top: 30px;\n  padding-bottom: 30px;\n}\n<\/style>\n\t<\/section>\n\t\n\n","protected":false},"excerpt":{"rendered":"","protected":false},"author":1,"featured_media":0,"parent":0,"menu_order":0,"comment_status":"closed","ping_status":"closed","template":"page-transparent-header.php","meta":{"footnotes":""},"class_list":["post-302","page","type-page","status-publish","hentry"],"yoast_head":"<!-- This site is optimized with the Yoast SEO plugin v26.7 - https:\/\/yoast.com\/wordpress\/plugins\/seo\/ -->\n<title>\u00c1raink - Loft Dent<\/title>\n<meta name=\"robots\" content=\"index, follow, max-snippet:-1, max-image-preview:large, max-video-preview:-1\" \/>\n<link rel=\"canonical\" href=\"https:\/\/loftdent.hu\/eng\/araink\/\" \/>\n<meta property=\"og:locale\" content=\"hu_HU\" \/>\n<meta property=\"og:type\" content=\"article\" \/>\n<meta property=\"og:title\" content=\"\u00c1raink - Loft Dent\" \/>\n<meta property=\"og:url\" content=\"https:\/\/loftdent.hu\/eng\/araink\/\" \/>\n<meta property=\"og:site_name\" content=\"Loft Dent\" \/>\n<meta property=\"article:modified_time\" content=\"2026-01-14T05:08:41+00:00\" \/>\n<meta name=\"twitter:card\" content=\"summary_large_image\" \/>\n<meta name=\"twitter:label1\" content=\"Becs\u00fclt olvas\u00e1si id\u0151\" \/>\n\t<meta name=\"twitter:data1\" content=\"1 perc\" \/>\n<script type=\"application\/ld+json\" class=\"yoast-schema-graph\">{\"@context\":\"https:\/\/schema.org\",\"@graph\":[{\"@type\":\"WebPage\",\"@id\":\"https:\/\/loftdent.hu\/eng\/araink\/\",\"url\":\"https:\/\/loftdent.hu\/eng\/araink\/\",\"name\":\"\u00c1raink - Loft Dent\",\"isPartOf\":{\"@id\":\"https:\/\/loftdent.hu\/eng\/#website\"},\"datePublished\":\"2020-11-29T17:36:26+00:00\",\"dateModified\":\"2026-01-14T05:08:41+00:00\",\"breadcrumb\":{\"@id\":\"https:\/\/loftdent.hu\/eng\/araink\/#breadcrumb\"},\"inLanguage\":\"hu\",\"potentialAction\":[{\"@type\":\"ReadAction\",\"target\":[\"https:\/\/loftdent.hu\/eng\/araink\/\"]}]},{\"@type\":\"BreadcrumbList\",\"@id\":\"https:\/\/loftdent.hu\/eng\/araink\/#breadcrumb\",\"itemListElement\":[{\"@type\":\"ListItem\",\"position\":1,\"name\":\"Kezd\u0151lap\",\"item\":\"https:\/\/loftdent.hu\/eng\/\"},{\"@type\":\"ListItem\",\"position\":2,\"name\":\"\u00c1raink\"}]},{\"@type\":\"WebSite\",\"@id\":\"https:\/\/loftdent.hu\/eng\/#website\",\"url\":\"https:\/\/loftdent.hu\/eng\/\",\"name\":\"Loft Dent\",\"description\":\"exkluz\u00edv mag\u00e1nfog\u00e1szat\",\"potentialAction\":[{\"@type\":\"SearchAction\",\"target\":{\"@type\":\"EntryPoint\",\"urlTemplate\":\"https:\/\/loftdent.hu\/eng\/?s={search_term_string}\"},\"query-input\":{\"@type\":\"PropertyValueSpecification\",\"valueRequired\":true,\"valueName\":\"search_term_string\"}}],\"inLanguage\":\"hu\"}]}<\/script>\n<!-- \/ Yoast SEO plugin. -->","yoast_head_json":{"title":"\u00c1raink - Loft Dent","robots":{"index":"index","follow":"follow","max-snippet":"max-snippet:-1","max-image-preview":"max-image-preview:large","max-video-preview":"max-video-preview:-1"},"canonical":"https:\/\/loftdent.hu\/eng\/araink\/","og_locale":"hu_HU","og_type":"article","og_title":"\u00c1raink - Loft Dent","og_url":"https:\/\/loftdent.hu\/eng\/araink\/","og_site_name":"Loft Dent","article_modified_time":"2026-01-14T05:08:41+00:00","twitter_card":"summary_large_image","twitter_misc":{"Becs\u00fclt olvas\u00e1si id\u0151":"1 perc"},"schema":{"@context":"https:\/\/schema.org","@graph":[{"@type":"WebPage","@id":"https:\/\/loftdent.hu\/eng\/araink\/","url":"https:\/\/loftdent.hu\/eng\/araink\/","name":"\u00c1raink - Loft Dent","isPartOf":{"@id":"https:\/\/loftdent.hu\/eng\/#website"},"datePublished":"2020-11-29T17:36:26+00:00","dateModified":"2026-01-14T05:08:41+00:00","breadcrumb":{"@id":"https:\/\/loftdent.hu\/eng\/araink\/#breadcrumb"},"inLanguage":"hu","potentialAction":[{"@type":"ReadAction","target":["https:\/\/loftdent.hu\/eng\/araink\/"]}]},{"@type":"BreadcrumbList","@id":"https:\/\/loftdent.hu\/eng\/araink\/#breadcrumb","itemListElement":[{"@type":"ListItem","position":1,"name":"Kezd\u0151lap","item":"https:\/\/loftdent.hu\/eng\/"},{"@type":"ListItem","position":2,"name":"\u00c1raink"}]},{"@type":"WebSite","@id":"https:\/\/loftdent.hu\/eng\/#website","url":"https:\/\/loftdent.hu\/eng\/","name":"Loft Dent","description":"exkluz\u00edv mag\u00e1nfog\u00e1szat","potentialAction":[{"@type":"SearchAction","target":{"@type":"EntryPoint","urlTemplate":"https:\/\/loftdent.hu\/eng\/?s={search_term_string}"},"query-input":{"@type":"PropertyValueSpecification","valueRequired":true,"valueName":"search_term_string"}}],"inLanguage":"hu"}]}},"_links":{"self":[{"href":"https:\/\/loftdent.hu\/eng\/wp-json\/wp\/v2\/pages\/302","targetHints":{"allow":["GET"]}}],"collection":[{"href":"https:\/\/loftdent.hu\/eng\/wp-json\/wp\/v2\/pages"}],"about":[{"href":"https:\/\/loftdent.hu\/eng\/wp-json\/wp\/v2\/types\/page"}],"author":[{"embeddable":true,"href":"https:\/\/loftdent.hu\/eng\/wp-json\/wp\/v2\/users\/1"}],"replies":[{"embeddable":true,"href":"https:\/\/loftdent.hu\/eng\/wp-json\/wp\/v2\/comments?post=302"}],"version-history":[{"count":23,"href":"https:\/\/loftdent.hu\/eng\/wp-json\/wp\/v2\/pages\/302\/revisions"}],"predecessor-version":[{"id":697,"href":"https:\/\/loftdent.hu\/eng\/wp-json\/wp\/v2\/pages\/302\/revisions\/697"}],"wp:attachment":[{"href":"https:\/\/loftdent.hu\/eng\/wp-json\/wp\/v2\/media?parent=302"}],"curies":[{"name":"wp","href":"https:\/\/api.w.org\/{rel}","templated":true}]}}