{"id":13,"date":"2020-11-03T20:08:15","date_gmt":"2020-11-03T20:08:15","guid":{"rendered":"https:\/\/loftdent.hu\/eng\/?page_id=13"},"modified":"2025-10-13T15:28:20","modified_gmt":"2025-10-13T15:28:20","slug":"loft-dent-fogaszat","status":"publish","type":"page","link":"https:\/\/loftdent.hu\/eng\/","title":{"rendered":"Loft Dent Fog\u00e1szat"},"content":{"rendered":"\n<div class=\"slider-wrapper relative hide-for-small\" id=\"slider-1297273688\" >\n    <div class=\"slider slider-nav-circle slider-nav-large slider-nav-light slider-style-normal\"\n        data-flickity-options='{\n            \"cellAlign\": \"center\",\n            \"imagesLoaded\": true,\n            \"lazyLoad\": 1,\n            \"freeScroll\": false,\n            \"wrapAround\": true,\n            \"autoPlay\": 6000,\n            \"pauseAutoPlayOnHover\" : false,\n            \"prevNextButtons\": true,\n            \"contain\" : true,\n            \"adaptiveHeight\" : true,\n            \"dragThreshold\" : 10,\n            \"percentPosition\": true,\n            \"pageDots\": true,\n            \"rightToLeft\": false,\n            \"draggable\": true,\n            \"selectedAttraction\": 0.1,\n            \"parallax\" : 0,\n            \"friction\": 0.6        }'\n        >\n        \n\n\n  <div class=\"banner has-hover has-slide-effect slide-zoom-in\" id=\"banner-238269469\">\n          <div class=\"banner-inner fill\">\n        <div class=\"banner-bg fill\" >\n            <div class=\"bg fill bg-fill \"><\/div>\n                        <div class=\"overlay\"><\/div>            \n                    <\/div>\n        <div class=\"banner-layers container\">\n            <div class=\"fill banner-link\"><\/div>            \n\n   <div id=\"text-box-1757250739\" class=\"text-box banner-layer x100 md-x100 lg-x100 y95 md-y95 lg-y95 res-text\">\n                     <div data-animate=\"fadeInLeft\">           <div class=\"text \">\n              \n              <div class=\"text-inner text-center\">\n                  \n\n<h3 class=\"uppercase\">Loft Dent \u2013 Rethinking Dentistry<\/h3>\n<p>Every element of our exclusive dental practice is designed to help patients find a comfortable place, to dispel any fears, while always aiming for an uncompromising, perfect final result.<\/p>\n\n              <\/div>\n           <\/div>\n       <\/div>                     \n<style>\n#text-box-1757250739 {\n  margin: 10px 10px 10px 10px;\n  width: 70%;\n}\n#text-box-1757250739 .text {\n  background-color: rgba(5, 111, 183, 0.2);\n  border-radius: 10px;\n  font-size: 100%;\n}\n#text-box-1757250739 .text-inner {\n  padding: 10px 10px 10px 10px;\n}\n<\/style>\n    <\/div>\n \n\n        <\/div>\n      <\/div>\n\n            \n<style>\n#banner-238269469 {\n  padding-top: 50%;\n}\n#banner-238269469 .bg.bg-loaded {\n  background-image: url(https:\/\/loftdent.hu\/eng\/wp-content\/uploads\/2021\/07\/falwebre-scaled.jpg);\n}\n#banner-238269469 .overlay {\n  background-color: rgba(255, 255, 255, 0.35);\n}\n#banner-238269469 .bg {\n  background-position: 0% 0%;\n}\n<\/style>\n  <\/div>\n\n\n\n  <div class=\"banner has-hover has-slide-effect slide-zoom-out\" id=\"banner-100565673\">\n          <div class=\"banner-inner fill\">\n        <div class=\"banner-bg fill\" >\n            <div class=\"bg fill bg-fill \"><\/div>\n                        <div class=\"overlay\"><\/div>            \n                    <\/div>\n        <div class=\"banner-layers container\">\n            <div class=\"fill banner-link\"><\/div>            \n\n   <div id=\"text-box-1151211813\" class=\"text-box banner-layer x5 md-x5 lg-x5 y80 md-y80 lg-y80 res-text\">\n                     <div data-animate=\"fadeInRight\">           <div class=\"text dark\">\n              \n              <div class=\"text-inner text-center\">\n                  \n\n<h3 class=\"uppercase\">The solution in any case, for every case<\/h3>\n<p>Whether it\u2019s whitening, filling, dentures or even a perfect \u201cHollywood smile\u201d, we offer the best customised dental treatment for everybody.<\/p>\n\n              <\/div>\n           <\/div>\n       <\/div>                     \n<style>\n#text-box-1151211813 {\n  width: 60%;\n}\n#text-box-1151211813 .text {\n  font-size: 100%;\n}\n@media (min-width:550px) {\n  #text-box-1151211813 {\n    width: 50%;\n  }\n}\n<\/style>\n    <\/div>\n \n\n        <\/div>\n      <\/div>\n\n            \n<style>\n#banner-100565673 {\n  padding-top: 50%;\n}\n#banner-100565673 .bg.bg-loaded {\n  background-image: url(https:\/\/loftdent.hu\/eng\/wp-content\/uploads\/2022\/03\/IMG_6903b-scaled.jpg);\n}\n#banner-100565673 .overlay {\n  background-color: rgba(255, 255, 255, 0.22);\n}\n<\/style>\n  <\/div>\n\n\n\n     <\/div>\n\n     <div class=\"loading-spin dark large centered\"><\/div>\n\n     <\/div>\n\n\n<div class=\"row\"  id=\"row-1139203333\">\n\n\n\t<div id=\"col-238334859\" class=\"col small-12 large-12\"  >\n\t\t<div class=\"col-inner\"  >\n\t\t\t\n\t\t\t\n\n<h3 style=\"text-align: center;\">Welcome to the website of Loft Dent exclusive dentistry!<\/h3>\n\n\t\t<\/div>\n\t\t\t<\/div>\n\n\t\n\n<\/div>\n\t<section class=\"section\" id=\"section_637274124\">\n\t\t<div class=\"bg section-bg fill bg-fill  bg-loaded\" >\n\n\t\t\t\n\t\t\t\n\t\t\t\n\n\t\t<\/div>\n\n\t\t<div class=\"section-content relative\">\n\t\t\t\n\n<div class=\"row\"  id=\"row-1032025913\">\n\n\n\t<div id=\"col-1592321047\" class=\"col medium-4 small-12 large-4\"  >\n\t\t<div class=\"col-inner\"  >\n\t\t\t\n\t\t\t\n\n\t<div class=\"box has-hover   has-hover box-text-bottom\" >\n\n\t\t<div class=\"box-image\" >\n\t\t\t\t\t\t<div class=\"\" >\n\t\t\t\t<img loading=\"lazy\" decoding=\"async\" width=\"2048\" height=\"1365\" src=\"https:\/\/loftdent.hu\/eng\/wp-content\/uploads\/2021\/01\/IMG_6903.jpg\" class=\"attachment- size-\" alt=\"\" srcset=\"https:\/\/loftdent.hu\/eng\/wp-content\/uploads\/2021\/01\/IMG_6903.jpg 2048w, https:\/\/loftdent.hu\/eng\/wp-content\/uploads\/2021\/01\/IMG_6903-300x200.jpg 300w, https:\/\/loftdent.hu\/eng\/wp-content\/uploads\/2021\/01\/IMG_6903-1024x683.jpg 1024w, https:\/\/loftdent.hu\/eng\/wp-content\/uploads\/2021\/01\/IMG_6903-768x512.jpg 768w, https:\/\/loftdent.hu\/eng\/wp-content\/uploads\/2021\/01\/IMG_6903-1536x1024.jpg 1536w, https:\/\/loftdent.hu\/eng\/wp-content\/uploads\/2021\/01\/IMG_6903-600x400.jpg 600w\" sizes=\"auto, (max-width: 2048px) 100vw, 2048px\" \/>\t\t\t\t\t\t\t\t\t\t\t<\/div>\n\t\t\t\t\t<\/div>\n\n\t\t<div class=\"box-text text-center\" >\n\t\t\t<div class=\"box-text-inner\">\n\t\t\t\t\n\n<h3>The Perfect Smile<\/h3>\n<p><span style=\"font-size: 110%;\">Our mission is the perfect smile, as the foundation of self-confidence lies in our sincere smile. Whether we carry out bleaching, orthodontic treatment, insertion of implants to replace missing teeth, or just a scaling, we consider our work to be successful when the well-known happy, cloudless smile appears on the patient\u2019s face.<\/span><\/p>\n\n\t\t\t<\/div>\n\t\t<\/div>\n\t<\/div>\n\t\n\n\t\t<\/div>\n\t\t\t<\/div>\n\n\t\n\n\t<div id=\"col-1202107550\" class=\"col medium-4 small-12 large-4\"  >\n\t\t<div class=\"col-inner\"  >\n\t\t\t\n\t\t\t\n\n\t<div class=\"box has-hover   has-hover box-text-bottom\" >\n\n\t\t<div class=\"box-image\" >\n\t\t\t\t\t\t<div class=\"\" >\n\t\t\t\t<img loading=\"lazy\" decoding=\"async\" width=\"2560\" height=\"1707\" src=\"https:\/\/loftdent.hu\/eng\/wp-content\/uploads\/2020\/11\/IMG_5030-1-scaled.jpg\" class=\"attachment- size-\" alt=\"\" srcset=\"https:\/\/loftdent.hu\/eng\/wp-content\/uploads\/2020\/11\/IMG_5030-1-scaled.jpg 2560w, https:\/\/loftdent.hu\/eng\/wp-content\/uploads\/2020\/11\/IMG_5030-1-300x200.jpg 300w, https:\/\/loftdent.hu\/eng\/wp-content\/uploads\/2020\/11\/IMG_5030-1-1024x683.jpg 1024w, https:\/\/loftdent.hu\/eng\/wp-content\/uploads\/2020\/11\/IMG_5030-1-768x512.jpg 768w, https:\/\/loftdent.hu\/eng\/wp-content\/uploads\/2020\/11\/IMG_5030-1-1536x1024.jpg 1536w, https:\/\/loftdent.hu\/eng\/wp-content\/uploads\/2020\/11\/IMG_5030-1-2048x1365.jpg 2048w, https:\/\/loftdent.hu\/eng\/wp-content\/uploads\/2020\/11\/IMG_5030-1-600x400.jpg 600w\" sizes=\"auto, (max-width: 2560px) 100vw, 2560px\" \/>\t\t\t\t\t\t\t\t\t\t\t<\/div>\n\t\t\t\t\t<\/div>\n\n\t\t<div class=\"box-text text-center\" >\n\t\t\t<div class=\"box-text-inner\">\n\t\t\t\t\n\n<h3>Special, in all aspects<\/h3>\n<p><span style=\"font-size: 110%;\">When designing our private dental clinic, we took into account the factors that make patients feel stressed in a dental surgery. We did nothing but rethink the structure and comfort of the \u201ceveryday dental practices\u201d and focus on maximum hygiene at the same time.<\/span><\/p>\n\n\t\t\t<\/div>\n\t\t<\/div>\n\t<\/div>\n\t\n\n\t\t<\/div>\n\t\t\t<\/div>\n\n\t\n\n\t<div id=\"col-584000849\" class=\"col medium-4 small-12 large-4\"  >\n\t\t<div class=\"col-inner\"  >\n\t\t\t\n\t\t\t\n\n\t<div class=\"box has-hover   has-hover box-text-bottom\" >\n\n\t\t<div class=\"box-image\" >\n\t\t\t\t\t\t<div class=\"\" >\n\t\t\t\t<img loading=\"lazy\" decoding=\"async\" width=\"2048\" height=\"1365\" src=\"https:\/\/loftdent.hu\/eng\/wp-content\/uploads\/2020\/11\/IMG_5019-1.jpg\" class=\"attachment- size-\" alt=\"\" srcset=\"https:\/\/loftdent.hu\/eng\/wp-content\/uploads\/2020\/11\/IMG_5019-1.jpg 2048w, https:\/\/loftdent.hu\/eng\/wp-content\/uploads\/2020\/11\/IMG_5019-1-300x200.jpg 300w, https:\/\/loftdent.hu\/eng\/wp-content\/uploads\/2020\/11\/IMG_5019-1-1024x683.jpg 1024w, https:\/\/loftdent.hu\/eng\/wp-content\/uploads\/2020\/11\/IMG_5019-1-768x512.jpg 768w, https:\/\/loftdent.hu\/eng\/wp-content\/uploads\/2020\/11\/IMG_5019-1-1536x1024.jpg 1536w, https:\/\/loftdent.hu\/eng\/wp-content\/uploads\/2020\/11\/IMG_5019-1-600x400.jpg 600w\" sizes=\"auto, (max-width: 2048px) 100vw, 2048px\" \/>\t\t\t\t\t\t\t\t\t\t\t<\/div>\n\t\t\t\t\t<\/div>\n\n\t\t<div class=\"box-text text-center\" >\n\t\t\t<div class=\"box-text-inner\">\n\t\t\t\t\n\n<h3>Expertise and technology<\/h3>\n<p><span style=\"font-size: 110%;\">At our exclusive dentistry, a blend of high-end dental technology, professional expertise, custom-tailored treatments, special care and ingenious solutions gives you the comfort that makes your time you spend at Loft Dent smooth and relaxed. Practically every little element of our dentistry serves the comfort of our patients.<\/span><\/p>\n\n\t\t\t<\/div>\n\t\t<\/div>\n\t<\/div>\n\t\n\n\t\t<\/div>\n\t\t\t<\/div>\n\n\t\n\n<\/div>\n\n\t\t<\/div>\n\n\t\t\n<style>\n#section_637274124 {\n  padding-top: 30px;\n  padding-bottom: 30px;\n}\n<\/style>\n\t<\/section>\n\t\n\t<section class=\"section\" id=\"section_844248009\">\n\t\t<div class=\"bg section-bg fill bg-fill  bg-loaded\" >\n\n\t\t\t\n\t\t\t\n\t\t\t\n\n\t\t<\/div>\n\n\t\t<div class=\"section-content relative\">\n\t\t\t\n\n<div class=\"row\"  id=\"row-2024408497\">\n\n\n\t<div id=\"col-1723901999\" class=\"col small-12 large-12\"  >\n\t\t<div class=\"col-inner\"  >\n\t\t\t\n\t\t\t\n\n<h2>What is the mission of Loft Dent exclusive dentistry?<\/h2>\n<p><strong>Our mission is to achieve the perfect smile our patients always wanted, which will restore self-confidence and chewing ability also. This we carry out so that our patients don\u2019t feel like they are in a traditional dental office. We offer a complete solution from tooth extractions to the complete rehabilitation of an entire mouth with implants. Certainly, we offer aesthetic fillings, bleaching and various dental treatments, practically everything a dental patient may need.<\/strong><\/p>\n<p><strong>At the very first meeting, before a thorough examination a panoramic X-ray is taken, based on that we can set up a personalized treatment plan during the consultation. We give time enough for the patient to understand the individual dental plan and quotation as we know that it is an important, sometimes life changing decision.<\/strong><\/p>\n<p><strong>Nowadays, aesthetics becomes more and more important, thus many patients choose tooth whitening after the dental hygienic treatment. Both we can carry out within one seat. The chief oral surgeon of our dental office performs painless and quick tooth extractions, that is his personal mission. The on-site panoramic X-ray means a huge advantage, it serves the convenience of our patients as a modern diagnostic tool that is available on the spot. In our dental surgery implant placement is a daily routine, it can be inserted painlessly under local anesthesia. Upon request or if implant insertion is not an option, we also offer bridge replacements. In addition to prosthetic restorations, our patients can use our orthodontic services as well, especially popular options are the invisible, ceramic and other, almost imperceptible orthodontic \u201cbraces\u201d, retainers.<\/strong><\/p>\n<p><strong>\u2022 bleaching, cleaning, tartar removal, dental hygienic treatment<\/strong><br \/><strong>\u2022 tooth extraction<\/strong><br \/><strong>\u2022 dental implants<\/strong><br \/><strong>\u2022 crown and bridge<\/strong><br \/><strong>\u2022 aesthetic fillings<\/strong><\/p>\n<figure id=\"attachment_410\" aria-describedby=\"caption-attachment-410\" style=\"width: 2560px\" class=\"wp-caption aligncenter\"><img loading=\"lazy\" decoding=\"async\" class=\"wp-image-410 size-full\" src=\"https:\/\/loftdent.hu\/eng\/wp-content\/uploads\/2021\/07\/falwebre-scaled.jpg\" alt=\"\" width=\"2560\" height=\"1417\" srcset=\"https:\/\/loftdent.hu\/eng\/wp-content\/uploads\/2021\/07\/falwebre-scaled.jpg 2560w, https:\/\/loftdent.hu\/eng\/wp-content\/uploads\/2021\/07\/falwebre-300x166.jpg 300w, https:\/\/loftdent.hu\/eng\/wp-content\/uploads\/2021\/07\/falwebre-1024x567.jpg 1024w, https:\/\/loftdent.hu\/eng\/wp-content\/uploads\/2021\/07\/falwebre-768x425.jpg 768w, https:\/\/loftdent.hu\/eng\/wp-content\/uploads\/2021\/07\/falwebre-1536x850.jpg 1536w, https:\/\/loftdent.hu\/eng\/wp-content\/uploads\/2021\/07\/falwebre-2048x1134.jpg 2048w, https:\/\/loftdent.hu\/eng\/wp-content\/uploads\/2021\/07\/falwebre-600x332.jpg 600w\" sizes=\"auto, (max-width: 2560px) 100vw, 2560px\" \/><figcaption id=\"caption-attachment-410\" class=\"wp-caption-text\">Loft Dent Dentistry<\/figcaption><\/figure>\n\n\t\t<\/div>\n\t\t\t<\/div>\n\n\t\n\n<\/div>\n\n\t\t<\/div>\n\n\t\t\n<style>\n#section_844248009 {\n  padding-top: 30px;\n  padding-bottom: 30px;\n  background-color: rgb(228, 228, 228);\n}\n<\/style>\n\t<\/section>\n\t\n\t<section class=\"section dark\" id=\"section_1247175103\">\n\t\t<div class=\"bg section-bg fill bg-fill  bg-loaded\" >\n\n\t\t\t\n\t\t\t<div class=\"section-bg-overlay absolute fill\"><\/div>\n\t\t\t\n\n\t\t<\/div>\n\n\t\t<div class=\"section-content relative\">\n\t\t\t\n\n<div class=\"row\"  id=\"row-741082174\">\n\n\n\t<div id=\"col-1201790692\" class=\"col medium-4 small-12 large-4\"  >\n\t\t<div class=\"col-inner\"  >\n\t\t\t\n\t\t\t\n\n<p><span style=\"font-size: 110%;\">Address: 1138 Budapest, N\u00e9pf\u00fcrd\u0151 str. 3\/a<\/span><\/p>\n<p><span style=\"font-size: 110%;\">Phone: +36 20 555 55 99<\/span><\/p>\n<p><span style=\"font-size: 110%;\">Email: loftdent [snail] loftdent.hu<\/span><\/p>\n<p><span style=\"font-size: 110%;\">Opening hours:<\/span><\/p>\n<p><span style=\"font-size: 110%;\">Monday: 9:00-20:30<\/span><\/p>\n<p><span style=\"font-size: 110%;\">Tuesday: 9:00-15:00<\/span><\/p>\n<p><span style=\"font-size: 110%;\">Wednesday: 9:00-20:00<\/span><\/p>\n<p><span style=\"font-size: 110%;\">Thursday: 9:00-20:00<\/span><\/p>\n<p><span style=\"font-size: 110%;\">Friday: 9:00-16:00<\/span><\/p>\n<p><span style=\"font-size: 110%;\">Saturday and Sunday: closed<\/span><\/p>\n\n\t\t<\/div>\n\t\t\t<\/div>\n\n\t\n\n\t<div id=\"col-27805973\" class=\"col medium-8 small-12 large-8\"  >\n\t\t<div class=\"col-inner\"  >\n\t\t\t\n\t\t\t\n\n<p><iframe loading=\"lazy\" src=\"https:\/\/www.google.com\/maps\/embed?pb=!1m18!1m12!1m3!1d2694.0105104220997!2d19.05492651562778!3d47.52865837917952!2m3!1f0!2f0!3f0!3m2!1i1024!2i768!4f13.1!3m3!1m2!1s0x4741dbf006cfcec3%3A0xbb54fa0cc761c8cb!2zQnVkYXBlc3QsIE7DqXBmw7xyZMWRIHUuIDNhLCAxMTM4!5e0!3m2!1shu!2shu!4v1605519398805!5m2!1shu!2shu\" width=\"600\" height=\"450\" frameborder=\"0\" style=\"border:0;\" allowfullscreen=\"\" aria-hidden=\"false\" tabindex=\"0\"><\/iframe><\/p>\n\n\t\t<\/div>\n\t\t\t<\/div>\n\n\t\n\n<\/div>\n<div class=\"row\"  id=\"row-1852860253\">\n\n\n\t<div id=\"col-1466394497\" class=\"col small-12 large-12\"  >\n\t\t<div class=\"col-inner\"  >\n\t\t\t\n\t\t\t\n\n<p style=\"text-align: center;\">There is a guarded car park opposite the dentistry.<\/p>\n\n\t\t<\/div>\n\t\t\t<\/div>\n\n\t\n\n<\/div>\n\n\t\t<\/div>\n\n\t\t\n<style>\n#section_1247175103 {\n  padding-top: 30px;\n  padding-bottom: 30px;\n  background-color: rgb(42, 42, 42);\n}\n#section_1247175103 .section-bg-overlay {\n  background-color: rgba(68, 96, 132, 0.31);\n}\n<\/style>\n\t<\/section>\n\t\n\n  <div class=\"banner has-hover has-video\" id=\"banner-1080625487\">\n          <div class=\"banner-inner fill\">\n        <div class=\"banner-bg fill\" >\n            <div class=\"bg fill bg-fill \"><\/div>\n            \t<div class=\"video-overlay no-click fill hide-for-medium\"><\/div>\n\t<video class=\"video-bg fill hide-for-medium\" preload playsinline autoplay\n\t\tmuted\t\tloop>\n\t\t<source src=\"https:\/\/loftdent.hu\/eng\/wp-content\/uploads\/2022\/03\/dronos-csik.mp4\" type=\"video\/mp4\">\t<\/video>\n                        \n                    <\/div>\n        <div class=\"banner-layers container\">\n            <div class=\"fill banner-link\"><\/div>            \n\n   <div id=\"text-box-2051942581\" class=\"text-box banner-layer x50 md-x50 lg-x50 y50 md-y50 lg-y50 res-text\">\n                                <div class=\"text dark\">\n              \n              <div class=\"text-inner text-center\">\n                  \n\n\n              <\/div>\n           <\/div>\n                            \n<style>\n#text-box-2051942581 {\n  width: 60%;\n}\n#text-box-2051942581 .text {\n  font-size: 100%;\n}\n<\/style>\n    <\/div>\n \n\n        <\/div>\n      <\/div>\n\n            \n<style>\n#banner-1080625487 {\n  padding-top: 450px;\n}\n#banner-1080625487 .bg.bg-loaded {\n  background-image: 479;\n}\n<\/style>\n  <\/div>\n\n\n\n","protected":false},"excerpt":{"rendered":"","protected":false},"author":1,"featured_media":0,"parent":0,"menu_order":0,"comment_status":"closed","ping_status":"closed","template":"page-transparent-header.php","meta":{"footnotes":""},"class_list":["post-13","page","type-page","status-publish","hentry"],"yoast_head":"<!-- This site is optimized with the Yoast SEO plugin v26.7 - https:\/\/yoast.com\/wordpress\/plugins\/seo\/ -->\n<title>Loft Dent Fog\u00e1szat - Loft Dent exkluz\u00edv fog\u00e1szat, Budapest<\/title>\n<meta name=\"description\" content=\"Loft Dent exkluz\u00edv fog\u00e1szat, luxus, fogklinika, Luxury Dental, pr\u00e9mium fog\u00e1szat, fog\u00e1szati ell\u00e1t\u00e1s, fogorvos, Budapest, Dr. Kocsis Xav\u00e9r\" \/>\n<meta name=\"robots\" content=\"index, follow, max-snippet:-1, max-image-preview:large, max-video-preview:-1\" \/>\n<link rel=\"canonical\" href=\"https:\/\/loftdent.hu\/eng\/\" \/>\n<meta property=\"og:locale\" content=\"hu_HU\" \/>\n<meta property=\"og:type\" content=\"article\" \/>\n<meta property=\"og:title\" content=\"Loft Dent Fog\u00e1szat - Loft Dent exkluz\u00edv fog\u00e1szat, Budapest\" \/>\n<meta property=\"og:description\" content=\"Loft Dent exkluz\u00edv fog\u00e1szat, luxus, fogklinika, Luxury Dental, pr\u00e9mium fog\u00e1szat, fog\u00e1szati ell\u00e1t\u00e1s, fogorvos, Budapest, Dr. Kocsis Xav\u00e9r\" \/>\n<meta property=\"og:url\" content=\"https:\/\/loftdent.hu\/eng\/\" \/>\n<meta property=\"og:site_name\" content=\"Loft Dent\" \/>\n<meta property=\"article:modified_time\" content=\"2025-10-13T15:28:20+00:00\" \/>\n<meta property=\"og:image\" content=\"https:\/\/loftdent.hu\/eng\/wp-content\/uploads\/2021\/07\/falwebre-scaled.jpg\" \/>\n<meta name=\"twitter:card\" content=\"summary_large_image\" \/>\n<meta name=\"twitter:label1\" content=\"Becs\u00fclt olvas\u00e1si id\u0151\" \/>\n\t<meta name=\"twitter:data1\" content=\"3 perc\" \/>\n<script type=\"application\/ld+json\" class=\"yoast-schema-graph\">{\"@context\":\"https:\/\/schema.org\",\"@graph\":[{\"@type\":\"WebPage\",\"@id\":\"https:\/\/loftdent.hu\/eng\/\",\"url\":\"https:\/\/loftdent.hu\/eng\/\",\"name\":\"Loft Dent Fog\u00e1szat - Loft Dent exkluz\u00edv fog\u00e1szat, Budapest\",\"isPartOf\":{\"@id\":\"https:\/\/loftdent.hu\/eng\/#website\"},\"primaryImageOfPage\":{\"@id\":\"https:\/\/loftdent.hu\/eng\/#primaryimage\"},\"image\":{\"@id\":\"https:\/\/loftdent.hu\/eng\/#primaryimage\"},\"thumbnailUrl\":\"https:\/\/loftdent.hu\/eng\/wp-content\/uploads\/2021\/07\/falwebre-scaled.jpg\",\"datePublished\":\"2020-11-03T20:08:15+00:00\",\"dateModified\":\"2025-10-13T15:28:20+00:00\",\"description\":\"Loft Dent exkluz\u00edv fog\u00e1szat, luxus, fogklinika, Luxury Dental, pr\u00e9mium fog\u00e1szat, fog\u00e1szati ell\u00e1t\u00e1s, fogorvos, Budapest, Dr. Kocsis Xav\u00e9r\",\"breadcrumb\":{\"@id\":\"https:\/\/loftdent.hu\/eng\/#breadcrumb\"},\"inLanguage\":\"hu\",\"potentialAction\":[{\"@type\":\"ReadAction\",\"target\":[\"https:\/\/loftdent.hu\/eng\/\"]}]},{\"@type\":\"ImageObject\",\"inLanguage\":\"hu\",\"@id\":\"https:\/\/loftdent.hu\/eng\/#primaryimage\",\"url\":\"https:\/\/loftdent.hu\/eng\/wp-content\/uploads\/2021\/07\/falwebre-scaled.jpg\",\"contentUrl\":\"https:\/\/loftdent.hu\/eng\/wp-content\/uploads\/2021\/07\/falwebre-scaled.jpg\",\"width\":2560,\"height\":1417},{\"@type\":\"BreadcrumbList\",\"@id\":\"https:\/\/loftdent.hu\/eng\/#breadcrumb\",\"itemListElement\":[{\"@type\":\"ListItem\",\"position\":1,\"name\":\"Kezd\u0151lap\",\"item\":\"https:\/\/loftdent.hu\/eng\/\"},{\"@type\":\"ListItem\",\"position\":2,\"name\":\"Loft Dent Fog\u00e1szat\"}]},{\"@type\":\"WebSite\",\"@id\":\"https:\/\/loftdent.hu\/eng\/#website\",\"url\":\"https:\/\/loftdent.hu\/eng\/\",\"name\":\"Loft Dent\",\"description\":\"exkluz\u00edv mag\u00e1nfog\u00e1szat\",\"potentialAction\":[{\"@type\":\"SearchAction\",\"target\":{\"@type\":\"EntryPoint\",\"urlTemplate\":\"https:\/\/loftdent.hu\/eng\/?s={search_term_string}\"},\"query-input\":{\"@type\":\"PropertyValueSpecification\",\"valueRequired\":true,\"valueName\":\"search_term_string\"}}],\"inLanguage\":\"hu\"}]}<\/script>\n<!-- \/ Yoast SEO plugin. -->","yoast_head_json":{"title":"Loft Dent Fog\u00e1szat - Loft Dent exkluz\u00edv fog\u00e1szat, Budapest","description":"Loft Dent exkluz\u00edv fog\u00e1szat, luxus, fogklinika, Luxury Dental, pr\u00e9mium fog\u00e1szat, fog\u00e1szati ell\u00e1t\u00e1s, fogorvos, Budapest, Dr. Kocsis Xav\u00e9r","robots":{"index":"index","follow":"follow","max-snippet":"max-snippet:-1","max-image-preview":"max-image-preview:large","max-video-preview":"max-video-preview:-1"},"canonical":"https:\/\/loftdent.hu\/eng\/","og_locale":"hu_HU","og_type":"article","og_title":"Loft Dent Fog\u00e1szat - Loft Dent exkluz\u00edv fog\u00e1szat, Budapest","og_description":"Loft Dent exkluz\u00edv fog\u00e1szat, luxus, fogklinika, Luxury Dental, pr\u00e9mium fog\u00e1szat, fog\u00e1szati ell\u00e1t\u00e1s, fogorvos, Budapest, Dr. Kocsis Xav\u00e9r","og_url":"https:\/\/loftdent.hu\/eng\/","og_site_name":"Loft Dent","article_modified_time":"2025-10-13T15:28:20+00:00","og_image":[{"url":"https:\/\/loftdent.hu\/eng\/wp-content\/uploads\/2021\/07\/falwebre-scaled.jpg","type":"","width":"","height":""}],"twitter_card":"summary_large_image","twitter_misc":{"Becs\u00fclt olvas\u00e1si id\u0151":"3 perc"},"schema":{"@context":"https:\/\/schema.org","@graph":[{"@type":"WebPage","@id":"https:\/\/loftdent.hu\/eng\/","url":"https:\/\/loftdent.hu\/eng\/","name":"Loft Dent Fog\u00e1szat - Loft Dent exkluz\u00edv fog\u00e1szat, Budapest","isPartOf":{"@id":"https:\/\/loftdent.hu\/eng\/#website"},"primaryImageOfPage":{"@id":"https:\/\/loftdent.hu\/eng\/#primaryimage"},"image":{"@id":"https:\/\/loftdent.hu\/eng\/#primaryimage"},"thumbnailUrl":"https:\/\/loftdent.hu\/eng\/wp-content\/uploads\/2021\/07\/falwebre-scaled.jpg","datePublished":"2020-11-03T20:08:15+00:00","dateModified":"2025-10-13T15:28:20+00:00","description":"Loft Dent exkluz\u00edv fog\u00e1szat, luxus, fogklinika, Luxury Dental, pr\u00e9mium fog\u00e1szat, fog\u00e1szati ell\u00e1t\u00e1s, fogorvos, Budapest, Dr. Kocsis Xav\u00e9r","breadcrumb":{"@id":"https:\/\/loftdent.hu\/eng\/#breadcrumb"},"inLanguage":"hu","potentialAction":[{"@type":"ReadAction","target":["https:\/\/loftdent.hu\/eng\/"]}]},{"@type":"ImageObject","inLanguage":"hu","@id":"https:\/\/loftdent.hu\/eng\/#primaryimage","url":"https:\/\/loftdent.hu\/eng\/wp-content\/uploads\/2021\/07\/falwebre-scaled.jpg","contentUrl":"https:\/\/loftdent.hu\/eng\/wp-content\/uploads\/2021\/07\/falwebre-scaled.jpg","width":2560,"height":1417},{"@type":"BreadcrumbList","@id":"https:\/\/loftdent.hu\/eng\/#breadcrumb","itemListElement":[{"@type":"ListItem","position":1,"name":"Kezd\u0151lap","item":"https:\/\/loftdent.hu\/eng\/"},{"@type":"ListItem","position":2,"name":"Loft Dent Fog\u00e1szat"}]},{"@type":"WebSite","@id":"https:\/\/loftdent.hu\/eng\/#website","url":"https:\/\/loftdent.hu\/eng\/","name":"Loft Dent","description":"exkluz\u00edv mag\u00e1nfog\u00e1szat","potentialAction":[{"@type":"SearchAction","target":{"@type":"EntryPoint","urlTemplate":"https:\/\/loftdent.hu\/eng\/?s={search_term_string}"},"query-input":{"@type":"PropertyValueSpecification","valueRequired":true,"valueName":"search_term_string"}}],"inLanguage":"hu"}]}},"_links":{"self":[{"href":"https:\/\/loftdent.hu\/eng\/wp-json\/wp\/v2\/pages\/13","targetHints":{"allow":["GET"]}}],"collection":[{"href":"https:\/\/loftdent.hu\/eng\/wp-json\/wp\/v2\/pages"}],"about":[{"href":"https:\/\/loftdent.hu\/eng\/wp-json\/wp\/v2\/types\/page"}],"author":[{"embeddable":true,"href":"https:\/\/loftdent.hu\/eng\/wp-json\/wp\/v2\/users\/1"}],"replies":[{"embeddable":true,"href":"https:\/\/loftdent.hu\/eng\/wp-json\/wp\/v2\/comments?post=13"}],"version-history":[{"count":76,"href":"https:\/\/loftdent.hu\/eng\/wp-json\/wp\/v2\/pages\/13\/revisions"}],"predecessor-version":[{"id":693,"href":"https:\/\/loftdent.hu\/eng\/wp-json\/wp\/v2\/pages\/13\/revisions\/693"}],"wp:attachment":[{"href":"https:\/\/loftdent.hu\/eng\/wp-json\/wp\/v2\/media?parent=13"}],"curies":[{"name":"wp","href":"https:\/\/api.w.org\/{rel}","templated":true}]}}